
{"id":7015420,"date":"2020-11-24T21:31:25","date_gmt":"2020-11-24T21:31:25","guid":{"rendered":"https:\/\/experis.be\/?page_id=7015420"},"modified":"2021-03-04T13:18:25","modified_gmt":"2021-03-04T13:18:25","slug":"candidature-spontanee-2","status":"publish","type":"page","link":"https:\/\/experis.be\/fr\/candidature-spontanee-2\/","title":{"rendered":"Candidature spontan\u00e9e"},"content":{"rendered":"\t\t<div data-elementor-type=\"wp-page\" data-elementor-id=\"7015420\" class=\"elementor elementor-7015420\" data-elementor-post-type=\"page\">\n\t\t\t\t\t\t<section class=\"elementor-section elementor-top-section elementor-element elementor-element-4cff7f5 elementor-section-stretched elementor-section-boxed elementor-section-height-default elementor-section-height-default\" data-id=\"4cff7f5\" data-element_type=\"section\" data-e-type=\"section\" id=\"searchSection\" data-settings=\"{&quot;stretch_section&quot;:&quot;section-stretched&quot;,&quot;background_background&quot;:&quot;classic&quot;}\">\n\t\t\t\t\t\t<div class=\"elementor-container elementor-column-gap-default\">\n\t\t\t\t\t<div class=\"elementor-column elementor-col-25 elementor-top-column elementor-element elementor-element-2d96aa0\" data-id=\"2d96aa0\" data-element_type=\"column\" data-e-type=\"column\">\n\t\t\t<div class=\"elementor-widget-wrap elementor-element-populated\">\n\t\t\t\t\t\t\t<\/div>\n\t\t<\/div>\n\t\t\t\t<div class=\"elementor-column elementor-col-50 elementor-top-column elementor-element elementor-element-51097e0\" data-id=\"51097e0\" data-element_type=\"column\" data-e-type=\"column\">\n\t\t\t<div class=\"elementor-widget-wrap elementor-element-populated\">\n\t\t\t\t\t\t<div class=\"elementor-element elementor-element-d17a73f elementor-widget elementor-widget-text-editor\" data-id=\"d17a73f\" data-element_type=\"widget\" data-e-type=\"widget\" data-widget_type=\"text-editor.default\">\n\t\t\t\t<div class=\"elementor-widget-container\">\n\t\t\t\t\t\t\t\t\t<p><span style=\"color: var( --e-global-color-text ); font-family: var( --e-global-typography-text-font-family ); font-weight: var( --e-global-typography-text-font-weight );\"> <div class=\"matador-search-form-container \"> <form role=\"search\" method=\"get\" class=\"matador-search-form\" action=\"https:\/\/experis.be\/search-jobs\/\"> <div class=\"matador-search-form-field-group matador-search-form-field-keyword\"> <label for=\"matador_s\"> <span class=\"matador-screen-reader-text\"> Key Word or Key Words <\/span> <\/label> <input type=\"text\" id=\"matador_s\" name=\"matador_s\" value=\"\" placeholder=\"Search Jobs\"\/> <\/div> <div class=\"matador-terms matador-terms-select matador-taxonomy-provinces-terms-select matador-search-form-field-group matador-search-form-field-provinces\"> <label for=\"matador-provinces\"> <span class=\"matador-screen-reader-text\"> Limit jobs to this Province <\/span> <\/label> <select id=\"matador-provinces\" name=\"matador-provinces\" data-method=\"value\" > <option value=\"\" selected='selected'> Types<\/option> <option value=\"antwerp\" > Antwerp<\/option> <option value=\"brussels\" > Brussels<\/option> <option value=\"east-flanders\" > East Flanders<\/option> <option value=\"flemish-brabant\" > Flemish Brabant<\/option> <option value=\"hainaut\" > Hainaut<\/option> <option value=\"liege\" > Li\u00e8ge<\/option> <option value=\"limburg\" > Limburg<\/option> <option value=\"west-flanders\" > West Flanders<\/option> <\/select> <\/div> <div class=\"matador-search-form-field-group matador-search-form-field-submit\"> <button type=\"submit\" id=\"matador-search-submit\" class=\"matador-search-submit matador-button\"> Search <\/button> <\/div> <\/form> <\/div> <\/span><\/p>\t\t\t\t\t\t\t\t<\/div>\n\t\t\t\t<\/div>\n\t\t\t\t\t<\/div>\n\t\t<\/div>\n\t\t\t\t<div class=\"elementor-column elementor-col-25 elementor-top-column elementor-element elementor-element-216f4a2\" data-id=\"216f4a2\" data-element_type=\"column\" data-e-type=\"column\">\n\t\t\t<div class=\"elementor-widget-wrap elementor-element-populated\">\n\t\t\t\t\t\t\t<\/div>\n\t\t<\/div>\n\t\t\t\t\t<\/div>\n\t\t<\/section>\n\t\t\t\t<section class=\"elementor-section elementor-top-section elementor-element elementor-element-0c6b90b elementor-section-stretched elementor-section-boxed elementor-section-height-default elementor-section-height-default\" data-id=\"0c6b90b\" data-element_type=\"section\" data-e-type=\"section\" id=\"cardJobsSection\" data-settings=\"{&quot;background_background&quot;:&quot;classic&quot;,&quot;stretch_section&quot;:&quot;section-stretched&quot;}\">\n\t\t\t\t\t\t<div class=\"elementor-container elementor-column-gap-default\">\n\t\t\t\t\t<div class=\"elementor-column elementor-col-50 elementor-top-column elementor-element elementor-element-815592f\" data-id=\"815592f\" data-element_type=\"column\" data-e-type=\"column\">\n\t\t\t<div class=\"elementor-widget-wrap elementor-element-populated\">\n\t\t\t\t\t\t<div class=\"elementor-element elementor-element-48e2576 elementor-widget elementor-widget-text-editor\" data-id=\"48e2576\" data-element_type=\"widget\" data-e-type=\"widget\" data-widget_type=\"text-editor.default\">\n\t\t\t\t<div class=\"elementor-widget-container\">\n\t\t\t\t\t\t\t\t\t<h1 class=\"entry-title\" style=\"border-bottom: 1px solid #ABABAB;\">Candidature spontan\u00e9e<\/h1>\n <form id=\"matador-application-form\" class=\"matador-application\" action=\"https:\/\/experis.be\/fr\/matador\/api\/application\/\" enctype=\"multipart\/form-data\" method=\"post\"> <input type=\"hidden\" id=\"matador_application\" name=\"matador_application\" value=\"4514ee555a\" \/><input type=\"hidden\" name=\"_wp_http_referer\" value=\"\/fr\/wp-json\/wp\/v2\/pages\/7015420\" \/> <div class=\"matador-field-group matador-field-firstName matador-field-template-text matador-field-type-text matador-required\"> <div class=\"matador-label\"> <h5 class=\"matador-field-label\"> <label for=\"firstName\"> First Name: <\/label> <\/h5> <\/div> <div class=\"matador-field\"> <input type=\"text\" id=\"firstName\" name=\"firstName\" value=\"\" required minlength=\"2\" \/> <\/div> <\/div> <div class=\"matador-field-group matador-field-lastName matador-field-template-text matador-field-type-text matador-required\"> <div class=\"matador-label\"> <h5 class=\"matador-field-label\"> <label for=\"lastName\"> Last Name: <\/label> <\/h5> <\/div> <div class=\"matador-field\"> <input type=\"text\" id=\"lastName\" name=\"lastName\" value=\"\" required minlength=\"2\" \/> <\/div> <\/div> <div class=\"matador-field-group matador-field-email matador-field-template-text matador-field-type-email matador-required\"> <div class=\"matador-label\"> <h5 class=\"matador-field-label\"> <label for=\"email\"> Email Address: <\/label> <\/h5> <\/div> <div class=\"matador-field\"> <input type=\"email\" id=\"email\" name=\"email\" value=\"\" required \/> <\/div> <\/div> <div class=\"matador-field-group matador-field-message matador-field-template-textarea matador-field-type-textarea matador-required\"> <div class=\"matador-label\"> <h5 class=\"matador-field-label\"> <label for=\"message\"> Message to Recruiters. <\/label> <\/h5> <\/div> <div class=\"matador-field\"> <textarea id=\"message\" name=\"message\" required><\/textarea> <div class=\"matador-field-description\"> Include a message to the recruiters. <\/div> <\/div> <\/div> <div class=\"matador-field-group matador-field-phone matador-field-template-text matador-field-type-tel matador-required\"> <div class=\"matador-label\"> <h5 class=\"matador-field-label\"> <label for=\"phone\"> Phone Number: <\/label> <\/h5> <\/div> <div class=\"matador-field\"> <input type=\"tel\" id=\"phone\" name=\"phone\" value=\"\" required \/> <\/div> <\/div> <div class=\"matador-field-group matador-field-resume matador-field-template-file matador-field-type-file matador-required\"> <div class=\"matador-label\"> <h5 class=\"matador-field-label\"><label> Upload CV File: <\/label><\/h5> <\/div> <div class=\"matador-field\"> <label for=\"resume\" class=\"for-file\"> <svg xmlns=\"http:\/\/www.w3.org\/2000\/svg\" width=\"20\" height=\"17\" viewBox=\"0 0 20 17\"> <path d=\"M10 0l-5.2 4.9h3.3v5.1h3.8v-5.1h3.3l-5.2-4.9zm9.3 11.5l-3.2-2.1h-2l3.4 2.6h-3.5c-.1 0-.2.1-.2.1l-.8 2.3h-6l-.8-2.2c-.1-.1-.1-.2-.2-.2h-3.6l3.4-2.6h-2l-3.2 2.1c-.4.3-.7 1-.6 1.5l.6 3.1c.1.5.7.9 1.2.9h16.3c.6 0 1.1-.4 1.3-.9l.6-3.1c.1-.5-.2-1.2-.7-1.5z\"><\/path> <span>Upload CV File: &hellip;<\/span> <\/svg> <\/label> <input type=\"file\" id=\"resume\" name=\"resume\" class=\"inputfile\" data-multiple-caption=\"{count} files selected\" required accept=\".docx,.pdf\" \/> <div class=\"matador-field-description\">Attach a resume file. Accepted file types are DOCX, and PDF.<\/div> <\/div> <\/div> <div class=\"matador-field-group matador-field-privacy_policy_opt_in matador-field-template-checkbox matador-field-type-checkbox\"> <div class=\"matador-label\"> <\/div> <div class=\"matador-field\"> <ul class=\"checkboxes\"> <input type=\"hidden\" name=\"privacy_policy_opt_in[]\" \/> <li class=\"checkbox\"> <label for=\"privacy_policy_opt_in-1\"><input type=\"checkbox\" id=\"privacy_policy_opt_in-1\" name=\"privacy_policy_opt_in[]\" value=\"1\" required=\"required\" data-msg-required=\"You must agree to our Privacy Policy.\" minlength=\"1\" \/> <span style=\"color:#ca4d2d\">*<\/span> Accepter nos &nbsp;<a style=\"color:#5198DE !important\" href=\"https:\/\/legalconditions.manpowergroup.be\/regles-relatives-a-la-protection-de-la-vie-privee-des-candidats-dexperis-belgium-sa\/\" target=\"_blank\">R\u00e8gles Relatives \u00e0 la Protection de la Vie Priv\u00e9e des Candidats d\u2019Experis Belgium SA.<\/a><\/label> <\/li> <\/ul> <\/div> <\/div> <div class=\"matador-field-group matador-field-gdpr_recruiting matador-field-template-checkbox matador-field-type-checkbox matador-required\"> <div class=\"matador-label\"> <\/div> <div class=\"matador-field\"> <ul class=\"checkboxes\"> <input type=\"hidden\" name=\"gdpr_recruiting[]\" \/> <li class=\"checkbox\"> <label for=\"gdpr_recruiting-1\"><input type=\"checkbox\" id=\"gdpr_recruiting-1\" name=\"gdpr_recruiting[]\" value=\"1\" required \/> <span style='color:#ca4d2d'>*<\/span> En cochant cette case, j&rsquo;accepte que Experis Belgium puisse traiter mes donn\u00e9es personnelles et les d\u00e9tails de mon salaire conform\u00e9ment aux termes de la <a target='_blank' href='https:\/\/legalconditions.manpowergroup.be\/regles-relatives-a-la-protection-de-la-vie-privee-des-candidats-dexperis-belgium-sa\/'>D\u00e9claration de confidentialit\u00e9<\/a>, afin de proposer mon profil et de transf\u00e9rer mes donn\u00e9es personnelles aux clients\/clients potentiels de Experis Belgium pour des offres d&#8217;emploi et d&#8217;emploi temporaires \u00e0 dur\u00e9e d\u00e9termin\u00e9e ou permanentes.<\/label> <\/li> <\/ul> <\/div> <\/div> <div class=\"matador-field-group matador-field-gdpr_marketing matador-field-template-checkbox matador-field-type-checkbox\"> <div class=\"matador-label\"> <\/div> <div class=\"matador-field\"> <ul class=\"checkboxes\"> <input type=\"hidden\" name=\"gdpr_marketing[]\" \/> <li class=\"checkbox\"> <label for=\"gdpr_marketing-1\"><input type=\"checkbox\" id=\"gdpr_marketing-1\" name=\"gdpr_marketing[]\" value=\"1\" \/> En cochant cette case, j&rsquo;accepte que Experis Belgium puisse traiter mes donn\u00e9es personnelles \u00e0 des fins de promouvoir les activit\u00e9s de marketing et de communication commerciale, y compris la communication interactive, les \u00e9tudes de march\u00e9 et les \u00e9tudes statistiques, par fax, e-mail, sms et mms.<\/label> <\/li> <\/ul> <\/div> <\/div> <div class=\"matador-field-group matador-field-gdpr_training matador-field-template-checkbox matador-field-type-checkbox\"> <div class=\"matador-label\"> <\/div> <div class=\"matador-field\"> <ul class=\"checkboxes\"> <input type=\"hidden\" name=\"gdpr_training[]\" \/> <li class=\"checkbox\"> <label for=\"gdpr_training-1\"><input type=\"checkbox\" id=\"gdpr_training-1\" name=\"gdpr_training[]\" value=\"1\" \/> En cochant cette case, j&rsquo;accepte que Experis Belgium puisse traiter mes donn\u00e9es personnelles conform\u00e9ment aux termes de la <a target='_blank' href='https:\/\/legalconditions.manpowergroup.be\/regles-relatives-a-la-protection-de-la-vie-privee-des-candidats-dexperis-belgium-sa\/'>D\u00e9claration de confidentialit\u00e9<\/a>, afin d&rsquo;organiser des formations additionnelles et de transf\u00e9rer mes donn\u00e9es personnelles aux organismes de formation.<\/label> <\/li> <\/ul> <\/div> <\/div> <div class=\"matador-field-group matador-field-recaptcha matador-field-template-recaptcha matador-field-type-recaptcha\"> <div class=\"matador-label\"> <\/div> <div class=\"matador-field\"> <div class=\"g-recaptcha\" data-sitekey=\"6LfCN30cAAAAAIVsFflgL5CtbATSD5fII1AN16nR\"><\/div> <\/div> <\/div> <div class=\"matador-field-group matador-field-job-seeker matador-field-template-text matador-field-type-text job-seeker\"> <div class=\"matador-label\"> <h5 class=\"matador-field-label\"> <label for=\"job-seeker\"> People looking for jobs should not put anything here. <\/label> <\/h5> <\/div> <div class=\"matador-field\"> <input type=\"text\" id=\"job-seeker\" name=\"job-seeker\" value=\"\" tabindex=\"-1\" \/> <\/div> <\/div> <input id=\"matador-submit\" class=\"matador-button\" name=\"submit\" type=\"submit\" value=\"Submit Application\"\/> <div id=\"matador-upload-overlay\"> <div class=\"matador-upload-overlay-background\"><\/div> <div class=\"matador-upload-overlay-message\"> <span class=\"spinner\"><\/span> <p>We are uploading your application. It may take a few moments to read your resume. Please wait!<\/p> <\/div> <\/div> <\/form>  \t\t\t\t\t\t\t\t<\/div>\n\t\t\t\t<\/div>\n\t\t\t\t\t<\/div>\n\t\t<\/div>\n\t\t\t\t<div class=\"elementor-column elementor-col-50 elementor-top-column elementor-element elementor-element-993d1d4\" data-id=\"993d1d4\" data-element_type=\"column\" data-e-type=\"column\">\n\t\t\t<div class=\"elementor-widget-wrap elementor-element-populated\">\n\t\t\t\t\t\t\t<\/div>\n\t\t<\/div>\n\t\t\t\t\t<\/div>\n\t\t<\/section>\n\t\t\t\t<\/div>\n\t\t","protected":false},"excerpt":{"rendered":"<p>Candidature spontan\u00e9e<\/p>\n","protected":false},"author":294,"featured_media":0,"parent":0,"menu_order":0,"comment_status":"closed","ping_status":"closed","template":"","meta":{"_vp_format_video_url":"","_vp_image_focal_point":[],"footnotes":""},"class_list":["post-7015420","page","type-page","status-publish","hentry"],"yoast_head":"<!-- This site is optimized with the Yoast SEO plugin v27.4 - https:\/\/yoast.com\/product\/yoast-seo-wordpress\/ -->\n<title>Candidature spontan\u00e9e - Experis Belgium<\/title>\n<meta name=\"robots\" content=\"index, follow, max-snippet:-1, max-image-preview:large, max-video-preview:-1\" \/>\n<link rel=\"canonical\" href=\"https:\/\/experis.be\/fr\/candidature-spontanee-2\/\" \/>\n<meta property=\"og:locale\" content=\"fr_FR\" \/>\n<meta property=\"og:type\" content=\"article\" \/>\n<meta property=\"og:title\" content=\"Candidature spontan\u00e9e - Experis Belgium\" \/>\n<meta property=\"og:description\" content=\"Candidature spontan\u00e9e\" \/>\n<meta property=\"og:url\" content=\"https:\/\/experis.be\/fr\/candidature-spontanee-2\/\" \/>\n<meta property=\"og:site_name\" content=\"Experis Belgium\" \/>\n<meta property=\"article:modified_time\" content=\"2021-03-04T13:18:25+00:00\" \/>\n<meta name=\"twitter:card\" content=\"summary_large_image\" \/>\n<meta name=\"twitter:label1\" content=\"Dur\u00e9e de lecture estim\u00e9e\" \/>\n\t<meta name=\"twitter:data1\" content=\"1 minute\" \/>\n<script type=\"application\/ld+json\" class=\"yoast-schema-graph\">{\"@context\":\"https:\\\/\\\/schema.org\",\"@graph\":[{\"@type\":\"WebPage\",\"@id\":\"https:\\\/\\\/experis.be\\\/fr\\\/candidature-spontanee-2\\\/\",\"url\":\"https:\\\/\\\/experis.be\\\/fr\\\/candidature-spontanee-2\\\/\",\"name\":\"Candidature spontan\u00e9e - Experis Belgium\",\"isPartOf\":{\"@id\":\"https:\\\/\\\/experis.be\\\/#website\"},\"datePublished\":\"2020-11-24T21:31:25+00:00\",\"dateModified\":\"2021-03-04T13:18:25+00:00\",\"inLanguage\":\"fr-FR\",\"potentialAction\":[{\"@type\":\"ReadAction\",\"target\":[\"https:\\\/\\\/experis.be\\\/fr\\\/candidature-spontanee-2\\\/\"]}]},{\"@type\":\"WebSite\",\"@id\":\"https:\\\/\\\/experis.be\\\/#website\",\"url\":\"https:\\\/\\\/experis.be\\\/\",\"name\":\"Experis Belgium\",\"description\":\"Talent, Multiplied.\",\"publisher\":{\"@id\":\"https:\\\/\\\/experis.be\\\/#organization\"},\"potentialAction\":[{\"@type\":\"SearchAction\",\"target\":{\"@type\":\"EntryPoint\",\"urlTemplate\":\"https:\\\/\\\/experis.be\\\/?s={search_term_string}\"},\"query-input\":{\"@type\":\"PropertyValueSpecification\",\"valueRequired\":true,\"valueName\":\"search_term_string\"}}],\"inLanguage\":\"fr-FR\"},{\"@type\":\"Organization\",\"@id\":\"https:\\\/\\\/experis.be\\\/#organization\",\"name\":\"Experis Belgium\",\"url\":\"https:\\\/\\\/experis.be\\\/\",\"logo\":{\"@type\":\"ImageObject\",\"inLanguage\":\"fr-FR\",\"@id\":\"https:\\\/\\\/experis.be\\\/#\\\/schema\\\/logo\\\/image\\\/\",\"url\":\"https:\\\/\\\/experis.be\\\/wp-content\\\/uploads\\\/2020\\\/11\\\/cropped-LOGO_EXP_BE_Logo_RS_HOR_MC_RGB_REG.jpg\",\"contentUrl\":\"https:\\\/\\\/experis.be\\\/wp-content\\\/uploads\\\/2020\\\/11\\\/cropped-LOGO_EXP_BE_Logo_RS_HOR_MC_RGB_REG.jpg\",\"width\":240,\"height\":75,\"caption\":\"Experis Belgium\"},\"image\":{\"@id\":\"https:\\\/\\\/experis.be\\\/#\\\/schema\\\/logo\\\/image\\\/\"}}]}<\/script>\n<!-- \/ Yoast SEO plugin. -->","yoast_head_json":{"title":"Candidature spontan\u00e9e - Experis Belgium","robots":{"index":"index","follow":"follow","max-snippet":"max-snippet:-1","max-image-preview":"max-image-preview:large","max-video-preview":"max-video-preview:-1"},"canonical":"https:\/\/experis.be\/fr\/candidature-spontanee-2\/","og_locale":"fr_FR","og_type":"article","og_title":"Candidature spontan\u00e9e - Experis Belgium","og_description":"Candidature spontan\u00e9e","og_url":"https:\/\/experis.be\/fr\/candidature-spontanee-2\/","og_site_name":"Experis Belgium","article_modified_time":"2021-03-04T13:18:25+00:00","twitter_card":"summary_large_image","twitter_misc":{"Dur\u00e9e de lecture estim\u00e9e":"1 minute"},"schema":{"@context":"https:\/\/schema.org","@graph":[{"@type":"WebPage","@id":"https:\/\/experis.be\/fr\/candidature-spontanee-2\/","url":"https:\/\/experis.be\/fr\/candidature-spontanee-2\/","name":"Candidature spontan\u00e9e - Experis Belgium","isPartOf":{"@id":"https:\/\/experis.be\/#website"},"datePublished":"2020-11-24T21:31:25+00:00","dateModified":"2021-03-04T13:18:25+00:00","inLanguage":"fr-FR","potentialAction":[{"@type":"ReadAction","target":["https:\/\/experis.be\/fr\/candidature-spontanee-2\/"]}]},{"@type":"WebSite","@id":"https:\/\/experis.be\/#website","url":"https:\/\/experis.be\/","name":"Experis Belgium","description":"Talent, Multiplied.","publisher":{"@id":"https:\/\/experis.be\/#organization"},"potentialAction":[{"@type":"SearchAction","target":{"@type":"EntryPoint","urlTemplate":"https:\/\/experis.be\/?s={search_term_string}"},"query-input":{"@type":"PropertyValueSpecification","valueRequired":true,"valueName":"search_term_string"}}],"inLanguage":"fr-FR"},{"@type":"Organization","@id":"https:\/\/experis.be\/#organization","name":"Experis Belgium","url":"https:\/\/experis.be\/","logo":{"@type":"ImageObject","inLanguage":"fr-FR","@id":"https:\/\/experis.be\/#\/schema\/logo\/image\/","url":"https:\/\/experis.be\/wp-content\/uploads\/2020\/11\/cropped-LOGO_EXP_BE_Logo_RS_HOR_MC_RGB_REG.jpg","contentUrl":"https:\/\/experis.be\/wp-content\/uploads\/2020\/11\/cropped-LOGO_EXP_BE_Logo_RS_HOR_MC_RGB_REG.jpg","width":240,"height":75,"caption":"Experis Belgium"},"image":{"@id":"https:\/\/experis.be\/#\/schema\/logo\/image\/"}}]}},"_links":{"self":[{"href":"https:\/\/experis.be\/fr\/wp-json\/wp\/v2\/pages\/7015420","targetHints":{"allow":["GET"]}}],"collection":[{"href":"https:\/\/experis.be\/fr\/wp-json\/wp\/v2\/pages"}],"about":[{"href":"https:\/\/experis.be\/fr\/wp-json\/wp\/v2\/types\/page"}],"author":[{"embeddable":true,"href":"https:\/\/experis.be\/fr\/wp-json\/wp\/v2\/users\/294"}],"replies":[{"embeddable":true,"href":"https:\/\/experis.be\/fr\/wp-json\/wp\/v2\/comments?post=7015420"}],"version-history":[{"count":15,"href":"https:\/\/experis.be\/fr\/wp-json\/wp\/v2\/pages\/7015420\/revisions"}],"predecessor-version":[{"id":7021821,"href":"https:\/\/experis.be\/fr\/wp-json\/wp\/v2\/pages\/7015420\/revisions\/7021821"}],"wp:attachment":[{"href":"https:\/\/experis.be\/fr\/wp-json\/wp\/v2\/media?parent=7015420"}],"curies":[{"name":"wp","href":"https:\/\/api.w.org\/{rel}","templated":true}]}}