
{"id":7011737,"date":"2020-10-26T10:18:26","date_gmt":"2020-10-26T10:18:26","guid":{"rendered":"https:\/\/experis.be\/?page_id=7011737"},"modified":"2020-12-07T16:22:10","modified_gmt":"2020-12-07T16:22:10","slug":"responsabilite-societale","status":"publish","type":"page","link":"https:\/\/experis.be\/fr\/responsabilite-societale\/","title":{"rendered":"Responsabilit\u00e9 Soci\u00e9tale"},"content":{"rendered":"\t\t<div data-elementor-type=\"wp-page\" data-elementor-id=\"7011737\" class=\"elementor elementor-7011737\" data-elementor-post-type=\"page\">\n\t\t\t\t\t\t<section class=\"elementor-section elementor-top-section elementor-element elementor-element-8f3302f elementor-section-stretched elementor-section-height-min-height elementor-section-boxed elementor-section-height-default elementor-section-items-middle\" data-id=\"8f3302f\" data-element_type=\"section\" data-e-type=\"section\" data-settings=\"{&quot;stretch_section&quot;:&quot;section-stretched&quot;,&quot;background_background&quot;:&quot;classic&quot;}\">\n\t\t\t\t\t\t<div class=\"elementor-container elementor-column-gap-default\">\n\t\t\t\t\t<div class=\"elementor-column elementor-col-100 elementor-top-column elementor-element elementor-element-c416372 skewed-container\" data-id=\"c416372\" data-element_type=\"column\" data-e-type=\"column\">\n\t\t\t<div class=\"elementor-widget-wrap elementor-element-populated\">\n\t\t\t\t\t\t<section class=\"elementor-section elementor-inner-section elementor-element elementor-element-3737b8f skewed-rectangle elementor-section-height-min-height elementor-section-boxed elementor-section-height-default\" data-id=\"3737b8f\" data-element_type=\"section\" data-e-type=\"section\" data-settings=\"{&quot;background_background&quot;:&quot;classic&quot;}\">\n\t\t\t\t\t\t<div class=\"elementor-container elementor-column-gap-no\">\n\t\t\t\t\t<div class=\"elementor-column elementor-col-50 elementor-inner-column elementor-element elementor-element-9cca3ed\" data-id=\"9cca3ed\" data-element_type=\"column\" data-e-type=\"column\">\n\t\t\t<div class=\"elementor-widget-wrap\">\n\t\t\t\t\t\t\t<\/div>\n\t\t<\/div>\n\t\t\t\t<div class=\"elementor-column elementor-col-50 elementor-inner-column elementor-element elementor-element-74c58bb\" data-id=\"74c58bb\" data-element_type=\"column\" data-e-type=\"column\">\n\t\t\t<div class=\"elementor-widget-wrap\">\n\t\t\t\t\t\t\t<\/div>\n\t\t<\/div>\n\t\t\t\t\t<\/div>\n\t\t<\/section>\n\t\t\t\t<section class=\"elementor-section elementor-inner-section elementor-element elementor-element-e9027e0 elementor-section-height-min-height elementor-section-boxed elementor-section-height-default\" data-id=\"e9027e0\" data-element_type=\"section\" data-e-type=\"section\">\n\t\t\t\t\t\t<div class=\"elementor-container elementor-column-gap-default\">\n\t\t\t\t\t<div class=\"elementor-column elementor-col-50 elementor-inner-column elementor-element elementor-element-ed5b4ae HomeText\" data-id=\"ed5b4ae\" data-element_type=\"column\" data-e-type=\"column\">\n\t\t\t<div class=\"elementor-widget-wrap elementor-element-populated\">\n\t\t\t\t\t\t<div class=\"elementor-element elementor-element-330aec6 elementor-widget elementor-widget-text-editor\" data-id=\"330aec6\" data-element_type=\"widget\" data-e-type=\"widget\" data-widget_type=\"text-editor.default\">\n\t\t\t\t<div class=\"elementor-widget-container\">\n\t\t\t\t\t\t\t\t\t<h5 style=\"color: #ffffff;\">\u00c0 Propos De Nous<\/h5>\n<h2 style=\"color: #ffffff;\">Responsablilit\u00e9 Soci\u00e9tale<\/h2>\n<p style=\"color: #ffffff; font-weight: 400; font-size: 16px;\">Experis est motiv\u00e9e par la conviction qu&rsquo;un emploi durable et significatif a le pouvoir de changer le monde. Nous jouons un r\u00f4le actif dans la promotion de lieux de travail inclusifs qui favorisent l&rsquo;innovation, permettent des performances \u00e9lev\u00e9es et permettent \u00e0 chacun de r\u00e9aliser son plein potentiel.<\/p>\t\t\t\t\t\t\t\t<\/div>\n\t\t\t\t<\/div>\n\t\t\t\t\t<\/div>\n\t\t<\/div>\n\t\t\t\t<div class=\"elementor-column elementor-col-50 elementor-inner-column elementor-element elementor-element-352355d\" data-id=\"352355d\" data-element_type=\"column\" data-e-type=\"column\">\n\t\t\t<div class=\"elementor-widget-wrap\">\n\t\t\t\t\t\t\t<\/div>\n\t\t<\/div>\n\t\t\t\t\t<\/div>\n\t\t<\/section>\n\t\t\t\t\t<\/div>\n\t\t<\/div>\n\t\t\t\t\t<\/div>\n\t\t<\/section>\n\t\t\t\t<section class=\"elementor-section elementor-top-section elementor-element elementor-element-0783c11 elementor-section-stretched colorWhite elementor-section-boxed elementor-section-height-default elementor-section-height-default\" data-id=\"0783c11\" data-element_type=\"section\" data-e-type=\"section\" data-settings=\"{&quot;stretch_section&quot;:&quot;section-stretched&quot;,&quot;background_background&quot;:&quot;classic&quot;}\">\n\t\t\t\t\t\t<div class=\"elementor-container elementor-column-gap-default\">\n\t\t\t\t\t<div class=\"elementor-column elementor-col-50 elementor-top-column elementor-element elementor-element-87b1c7a\" data-id=\"87b1c7a\" data-element_type=\"column\" data-e-type=\"column\">\n\t\t\t<div class=\"elementor-widget-wrap elementor-element-populated\">\n\t\t\t\t\t\t<div class=\"elementor-element elementor-element-efb258d elementor-widget elementor-widget-image\" data-id=\"efb258d\" data-element_type=\"widget\" data-e-type=\"widget\" data-widget_type=\"image.default\">\n\t\t\t\t<div class=\"elementor-widget-container\">\n\t\t\t\t\t\t\t\t\t\t\t\t\t\t\t<img fetchpriority=\"high\" decoding=\"async\" width=\"300\" height=\"300\" src=\"https:\/\/experis.be\/wp-content\/uploads\/2020\/06\/asian-lady-300x300.jpg\" class=\"attachment-medium size-medium wp-image-6970176\" alt=\"\" srcset=\"https:\/\/experis.be\/wp-content\/uploads\/2020\/06\/asian-lady-300x300.jpg 300w, https:\/\/experis.be\/wp-content\/uploads\/2020\/06\/asian-lady-150x150.jpg 150w, https:\/\/experis.be\/wp-content\/uploads\/2020\/06\/asian-lady.jpg 500w\" sizes=\"(max-width: 300px) 85vw, 300px\" \/>\t\t\t\t\t\t\t\t\t\t\t\t\t\t\t<\/div>\n\t\t\t\t<\/div>\n\t\t\t\t\t<\/div>\n\t\t<\/div>\n\t\t\t\t<div class=\"elementor-column elementor-col-50 elementor-top-column elementor-element elementor-element-b7219bb\" data-id=\"b7219bb\" data-element_type=\"column\" data-e-type=\"column\" data-settings=\"{&quot;background_background&quot;:&quot;classic&quot;}\">\n\t\t\t<div class=\"elementor-widget-wrap elementor-element-populated\">\n\t\t\t\t\t\t<div class=\"elementor-element elementor-element-993c738 elementor-widget elementor-widget-text-editor\" data-id=\"993c738\" data-element_type=\"widget\" data-e-type=\"widget\" data-widget_type=\"text-editor.default\">\n\t\t\t\t<div class=\"elementor-widget-container\">\n\t\t\t\t\t\t\t\t\t<h3>\u00a0Responsabilit\u00e9 soci\u00e9tale<\/h3><p>En tant que sp\u00e9cialiste de ManpowerGroup dans le secteur de l\u2019IT, notre engagement pour des pratiques responsables est un \u00e9l\u00e9ment fondamental de la culture de notre groupe. Experis s&rsquo;efforce d&rsquo;offrir un formidable environnement de travail \u00e0 son personnel et d&rsquo;\u00eatre une balise en mati\u00e8re d&rsquo;int\u00e9grit\u00e9 pour ses clients.<\/p><p>Lorsque vous consid\u00e9rez la nature de notre travail, il est \u00e9vident que la mission de notre c\u0153ur de m\u00e9tier, c&rsquo;est la responsabilit\u00e9 soci\u00e9tale en action. Experis s&rsquo;engage \u00e0 :<br \/>\u2022 respecter les personnes, les clients et la communaut\u00e9 ainsi que le r\u00f4le du travail dans leur vie<br \/>\u2022 partager ses connaissances et son expertise afin de d\u00e9velopper des pratiques RH durables dans le monde entier<br \/>\u2022 viser l&rsquo;excellence \u00e0 travers l&rsquo;innovation afin de d\u00e9velopper des environnements de travail socialement inclusifs pour le long terme<\/p><p>Tous nos collaborateurs.trices sont soumis au Code de conduite et d\u2019\u00e9thique des affaires de ManpowerGroup, qui promeut une conduite honn\u00eate et \u00e9thique \u00e0 travers toute l&rsquo;organisation. Afin de pr\u00e9server notre culture d&rsquo;honn\u00eatet\u00e9 et de responsabilit\u00e9, une attitude non \u00e9thique peut \u00eatre signal\u00e9e via l&rsquo;ethics hotline.<\/p><p>En dehors du travail que nous r\u00e9alisons pour mettre en relation des clients et des talents professionnels, nous prenons part \u00e0 des initiatives o\u00f9 nous pouvons avoir un impact, aidant \u00e0 cr\u00e9er des passerelles vers l&#8217;emploi pour des individus d\u00e9favoris\u00e9s \u00e0 travers divers programmes de d\u00e9veloppement RH autour du globe. Nous nous d\u00e9dions aussi \u00e0 accro\u00eetre la sensibilit\u00e9 et l&rsquo;opposition \u00e0 des pratiques de travail qui exploitent les individus, en particulier ceux qui sont vuln\u00e9rables.<\/p><p>Nous agissons en observant les plus hauts standards dans le domaine du d\u00e9veloppement durable au niveau de l\u2019environnement, de la s\u00e9curit\u00e9, de l\u2019\u00e9thique, de la gouvernance d\u2019entreprise, des droits humains et des ressources humaines. Ce n\u2019est pas un hasard si ManpowerGroup figure sur la liste prestigieuse des entreprises les plus \u00e9thiques au monde \u00e9tablie par l\u2019Ethisphere Institute et si ManpowerGroup BeLux a obtenu la M\u00e9daille d\u2019or sur la plateforme EcoVadis qui mesure les performances RSE des entreprises. <br \/>Pour en savoir plus sur notre politique de d\u00e9veloppement durable et de responsabilit\u00e9 soci\u00e9tale, cliquez <a href=\"https:\/\/www.manpowergroup.be\/wp-content\/uploads\/2019\/11\/ManpowerGroup_Belgium_Sustainability_Report_2018_19-1.pdf\">ici<\/a>.<\/p>\t\t\t\t\t\t\t\t<\/div>\n\t\t\t\t<\/div>\n\t\t\t\t\t<\/div>\n\t\t<\/div>\n\t\t\t\t\t<\/div>\n\t\t<\/section>\n\t\t\t\t<\/div>\n\t\t","protected":false},"excerpt":{"rendered":"<p>\u00c0 Propos De Nous Responsablilit\u00e9 Soci\u00e9tale Experis est motiv\u00e9e par la conviction qu&rsquo;un emploi durable et significatif a le pouvoir de changer le monde. Nous jouons un r\u00f4le actif dans la promotion de lieux de travail inclusifs qui favorisent l&rsquo;innovation, permettent des performances \u00e9lev\u00e9es et permettent \u00e0 chacun de r\u00e9aliser son plein potentiel. \u00a0Responsabilit\u00e9 soci\u00e9tale &hellip; <a href=\"https:\/\/experis.be\/fr\/responsabilite-societale\/\" class=\"more-link\">Continuer la lecture<span class=\"screen-reader-text\"> de &laquo;&nbsp;Responsabilit\u00e9 Soci\u00e9tale&nbsp;&raquo;<\/span><\/a><\/p>\n","protected":false},"author":294,"featured_media":0,"parent":0,"menu_order":0,"comment_status":"closed","ping_status":"closed","template":"","meta":{"_vp_format_video_url":"","_vp_image_focal_point":[],"footnotes":""},"class_list":["post-7011737","page","type-page","status-publish","hentry"],"yoast_head":"<!-- This site is optimized with the Yoast SEO plugin v27.3 - https:\/\/yoast.com\/product\/yoast-seo-wordpress\/ -->\n<title>Responsabilit\u00e9 Soci\u00e9tale - Experis Belgium<\/title>\n<meta name=\"robots\" content=\"index, follow, max-snippet:-1, max-image-preview:large, max-video-preview:-1\" \/>\n<link rel=\"canonical\" href=\"https:\/\/experis.be\/fr\/responsabilite-societale\/\" \/>\n<meta property=\"og:locale\" content=\"fr_FR\" \/>\n<meta property=\"og:type\" content=\"article\" \/>\n<meta property=\"og:title\" content=\"Responsabilit\u00e9 Soci\u00e9tale - Experis Belgium\" \/>\n<meta property=\"og:description\" content=\"\u00c0 Propos De Nous Responsablilit\u00e9 Soci\u00e9tale Experis est motiv\u00e9e par la conviction qu&rsquo;un emploi durable et significatif a le pouvoir de changer le monde. Nous jouons un r\u00f4le actif dans la promotion de lieux de travail inclusifs qui favorisent l&rsquo;innovation, permettent des performances \u00e9lev\u00e9es et permettent \u00e0 chacun de r\u00e9aliser son plein potentiel. \u00a0Responsabilit\u00e9 soci\u00e9tale &hellip; Continuer la lecture de &laquo;&nbsp;Responsabilit\u00e9 Soci\u00e9tale&nbsp;&raquo;\" \/>\n<meta property=\"og:url\" content=\"https:\/\/experis.be\/fr\/responsabilite-societale\/\" \/>\n<meta property=\"og:site_name\" content=\"Experis Belgium\" \/>\n<meta property=\"article:modified_time\" content=\"2020-12-07T16:22:10+00:00\" \/>\n<meta property=\"og:image\" content=\"https:\/\/experis.be\/wp-content\/uploads\/2020\/06\/asian-lady-300x300.jpg\" \/>\n<meta name=\"twitter:card\" content=\"summary_large_image\" \/>\n<meta name=\"twitter:label1\" content=\"Dur\u00e9e de lecture estim\u00e9e\" \/>\n\t<meta name=\"twitter:data1\" content=\"2 minutes\" \/>\n<script type=\"application\/ld+json\" class=\"yoast-schema-graph\">{\"@context\":\"https:\\\/\\\/schema.org\",\"@graph\":[{\"@type\":\"WebPage\",\"@id\":\"https:\\\/\\\/experis.be\\\/fr\\\/responsabilite-societale\\\/\",\"url\":\"https:\\\/\\\/experis.be\\\/fr\\\/responsabilite-societale\\\/\",\"name\":\"Responsabilit\u00e9 Soci\u00e9tale - Experis Belgium\",\"isPartOf\":{\"@id\":\"https:\\\/\\\/experis.be\\\/#website\"},\"primaryImageOfPage\":{\"@id\":\"https:\\\/\\\/experis.be\\\/fr\\\/responsabilite-societale\\\/#primaryimage\"},\"image\":{\"@id\":\"https:\\\/\\\/experis.be\\\/fr\\\/responsabilite-societale\\\/#primaryimage\"},\"thumbnailUrl\":\"https:\\\/\\\/experis.be\\\/wp-content\\\/uploads\\\/2020\\\/06\\\/asian-lady-300x300.jpg\",\"datePublished\":\"2020-10-26T10:18:26+00:00\",\"dateModified\":\"2020-12-07T16:22:10+00:00\",\"inLanguage\":\"fr-FR\",\"potentialAction\":[{\"@type\":\"ReadAction\",\"target\":[\"https:\\\/\\\/experis.be\\\/fr\\\/responsabilite-societale\\\/\"]}]},{\"@type\":\"ImageObject\",\"inLanguage\":\"fr-FR\",\"@id\":\"https:\\\/\\\/experis.be\\\/fr\\\/responsabilite-societale\\\/#primaryimage\",\"url\":\"https:\\\/\\\/experis.be\\\/wp-content\\\/uploads\\\/2020\\\/06\\\/asian-lady-300x300.jpg\",\"contentUrl\":\"https:\\\/\\\/experis.be\\\/wp-content\\\/uploads\\\/2020\\\/06\\\/asian-lady-300x300.jpg\"},{\"@type\":\"WebSite\",\"@id\":\"https:\\\/\\\/experis.be\\\/#website\",\"url\":\"https:\\\/\\\/experis.be\\\/\",\"name\":\"Experis Belgium\",\"description\":\"Talent, Multiplied.\",\"publisher\":{\"@id\":\"https:\\\/\\\/experis.be\\\/#organization\"},\"potentialAction\":[{\"@type\":\"SearchAction\",\"target\":{\"@type\":\"EntryPoint\",\"urlTemplate\":\"https:\\\/\\\/experis.be\\\/?s={search_term_string}\"},\"query-input\":{\"@type\":\"PropertyValueSpecification\",\"valueRequired\":true,\"valueName\":\"search_term_string\"}}],\"inLanguage\":\"fr-FR\"},{\"@type\":\"Organization\",\"@id\":\"https:\\\/\\\/experis.be\\\/#organization\",\"name\":\"Experis Belgium\",\"url\":\"https:\\\/\\\/experis.be\\\/\",\"logo\":{\"@type\":\"ImageObject\",\"inLanguage\":\"fr-FR\",\"@id\":\"https:\\\/\\\/experis.be\\\/#\\\/schema\\\/logo\\\/image\\\/\",\"url\":\"https:\\\/\\\/experis.be\\\/wp-content\\\/uploads\\\/2020\\\/11\\\/cropped-LOGO_EXP_BE_Logo_RS_HOR_MC_RGB_REG.jpg\",\"contentUrl\":\"https:\\\/\\\/experis.be\\\/wp-content\\\/uploads\\\/2020\\\/11\\\/cropped-LOGO_EXP_BE_Logo_RS_HOR_MC_RGB_REG.jpg\",\"width\":240,\"height\":75,\"caption\":\"Experis Belgium\"},\"image\":{\"@id\":\"https:\\\/\\\/experis.be\\\/#\\\/schema\\\/logo\\\/image\\\/\"}}]}<\/script>\n<!-- \/ Yoast SEO plugin. -->","yoast_head_json":{"title":"Responsabilit\u00e9 Soci\u00e9tale - Experis Belgium","robots":{"index":"index","follow":"follow","max-snippet":"max-snippet:-1","max-image-preview":"max-image-preview:large","max-video-preview":"max-video-preview:-1"},"canonical":"https:\/\/experis.be\/fr\/responsabilite-societale\/","og_locale":"fr_FR","og_type":"article","og_title":"Responsabilit\u00e9 Soci\u00e9tale - Experis Belgium","og_description":"\u00c0 Propos De Nous Responsablilit\u00e9 Soci\u00e9tale Experis est motiv\u00e9e par la conviction qu&rsquo;un emploi durable et significatif a le pouvoir de changer le monde. Nous jouons un r\u00f4le actif dans la promotion de lieux de travail inclusifs qui favorisent l&rsquo;innovation, permettent des performances \u00e9lev\u00e9es et permettent \u00e0 chacun de r\u00e9aliser son plein potentiel. \u00a0Responsabilit\u00e9 soci\u00e9tale &hellip; Continuer la lecture de &laquo;&nbsp;Responsabilit\u00e9 Soci\u00e9tale&nbsp;&raquo;","og_url":"https:\/\/experis.be\/fr\/responsabilite-societale\/","og_site_name":"Experis Belgium","article_modified_time":"2020-12-07T16:22:10+00:00","og_image":[{"url":"https:\/\/experis.be\/wp-content\/uploads\/2020\/06\/asian-lady-300x300.jpg","type":"","width":"","height":""}],"twitter_card":"summary_large_image","twitter_misc":{"Dur\u00e9e de lecture estim\u00e9e":"2 minutes"},"schema":{"@context":"https:\/\/schema.org","@graph":[{"@type":"WebPage","@id":"https:\/\/experis.be\/fr\/responsabilite-societale\/","url":"https:\/\/experis.be\/fr\/responsabilite-societale\/","name":"Responsabilit\u00e9 Soci\u00e9tale - Experis Belgium","isPartOf":{"@id":"https:\/\/experis.be\/#website"},"primaryImageOfPage":{"@id":"https:\/\/experis.be\/fr\/responsabilite-societale\/#primaryimage"},"image":{"@id":"https:\/\/experis.be\/fr\/responsabilite-societale\/#primaryimage"},"thumbnailUrl":"https:\/\/experis.be\/wp-content\/uploads\/2020\/06\/asian-lady-300x300.jpg","datePublished":"2020-10-26T10:18:26+00:00","dateModified":"2020-12-07T16:22:10+00:00","inLanguage":"fr-FR","potentialAction":[{"@type":"ReadAction","target":["https:\/\/experis.be\/fr\/responsabilite-societale\/"]}]},{"@type":"ImageObject","inLanguage":"fr-FR","@id":"https:\/\/experis.be\/fr\/responsabilite-societale\/#primaryimage","url":"https:\/\/experis.be\/wp-content\/uploads\/2020\/06\/asian-lady-300x300.jpg","contentUrl":"https:\/\/experis.be\/wp-content\/uploads\/2020\/06\/asian-lady-300x300.jpg"},{"@type":"WebSite","@id":"https:\/\/experis.be\/#website","url":"https:\/\/experis.be\/","name":"Experis Belgium","description":"Talent, Multiplied.","publisher":{"@id":"https:\/\/experis.be\/#organization"},"potentialAction":[{"@type":"SearchAction","target":{"@type":"EntryPoint","urlTemplate":"https:\/\/experis.be\/?s={search_term_string}"},"query-input":{"@type":"PropertyValueSpecification","valueRequired":true,"valueName":"search_term_string"}}],"inLanguage":"fr-FR"},{"@type":"Organization","@id":"https:\/\/experis.be\/#organization","name":"Experis Belgium","url":"https:\/\/experis.be\/","logo":{"@type":"ImageObject","inLanguage":"fr-FR","@id":"https:\/\/experis.be\/#\/schema\/logo\/image\/","url":"https:\/\/experis.be\/wp-content\/uploads\/2020\/11\/cropped-LOGO_EXP_BE_Logo_RS_HOR_MC_RGB_REG.jpg","contentUrl":"https:\/\/experis.be\/wp-content\/uploads\/2020\/11\/cropped-LOGO_EXP_BE_Logo_RS_HOR_MC_RGB_REG.jpg","width":240,"height":75,"caption":"Experis Belgium"},"image":{"@id":"https:\/\/experis.be\/#\/schema\/logo\/image\/"}}]}},"_links":{"self":[{"href":"https:\/\/experis.be\/fr\/wp-json\/wp\/v2\/pages\/7011737","targetHints":{"allow":["GET"]}}],"collection":[{"href":"https:\/\/experis.be\/fr\/wp-json\/wp\/v2\/pages"}],"about":[{"href":"https:\/\/experis.be\/fr\/wp-json\/wp\/v2\/types\/page"}],"author":[{"embeddable":true,"href":"https:\/\/experis.be\/fr\/wp-json\/wp\/v2\/users\/294"}],"replies":[{"embeddable":true,"href":"https:\/\/experis.be\/fr\/wp-json\/wp\/v2\/comments?post=7011737"}],"version-history":[{"count":20,"href":"https:\/\/experis.be\/fr\/wp-json\/wp\/v2\/pages\/7011737\/revisions"}],"predecessor-version":[{"id":7016073,"href":"https:\/\/experis.be\/fr\/wp-json\/wp\/v2\/pages\/7011737\/revisions\/7016073"}],"wp:attachment":[{"href":"https:\/\/experis.be\/fr\/wp-json\/wp\/v2\/media?parent=7011737"}],"curies":[{"name":"wp","href":"https:\/\/api.w.org\/{rel}","templated":true}]}}