
{"id":7011721,"date":"2020-10-26T09:46:08","date_gmt":"2020-10-26T09:46:08","guid":{"rendered":"https:\/\/experis.be\/?page_id=7011721"},"modified":"2021-02-09T15:33:14","modified_gmt":"2021-02-09T15:33:14","slug":"mypath","status":"publish","type":"page","link":"https:\/\/experis.be\/fr\/mypath\/","title":{"rendered":"MyPath"},"content":{"rendered":"\t\t<div data-elementor-type=\"wp-page\" data-elementor-id=\"7011721\" class=\"elementor elementor-7011721\" data-elementor-post-type=\"page\">\n\t\t\t\t\t\t<section class=\"elementor-section elementor-top-section elementor-element elementor-element-7c6da03 elementor-section-stretched elementor-section-height-min-height elementor-section-boxed elementor-section-height-default elementor-section-items-middle\" data-id=\"7c6da03\" data-element_type=\"section\" data-e-type=\"section\" data-settings=\"{&quot;stretch_section&quot;:&quot;section-stretched&quot;,&quot;background_background&quot;:&quot;classic&quot;,&quot;animation&quot;:&quot;none&quot;,&quot;background_motion_fx_motion_fx_scrolling&quot;:&quot;yes&quot;,&quot;background_motion_fx_scale_effect&quot;:&quot;yes&quot;,&quot;background_motion_fx_scale_range&quot;:{&quot;unit&quot;:&quot;%&quot;,&quot;size&quot;:&quot;&quot;,&quot;sizes&quot;:{&quot;start&quot;:0,&quot;end&quot;:49}},&quot;background_motion_fx_scale_direction&quot;:&quot;out-in&quot;,&quot;background_motion_fx_scale_speed&quot;:{&quot;unit&quot;:&quot;px&quot;,&quot;size&quot;:4,&quot;sizes&quot;:[]},&quot;background_motion_fx_devices&quot;:[&quot;desktop&quot;,&quot;tablet&quot;,&quot;mobile&quot;]}\">\n\t\t\t\t\t\t<div class=\"elementor-container elementor-column-gap-default\">\n\t\t\t\t\t<div class=\"elementor-column elementor-col-50 elementor-top-column elementor-element elementor-element-8eabd11 Home-section1-Text-gauche\" data-id=\"8eabd11\" data-element_type=\"column\" data-e-type=\"column\" data-settings=\"{&quot;background_background&quot;:&quot;classic&quot;,&quot;animation&quot;:&quot;none&quot;}\">\n\t\t\t<div class=\"elementor-widget-wrap elementor-element-populated\">\n\t\t\t\t\t\t<div class=\"elementor-element elementor-element-8db674f elementor-widget elementor-widget-text-editor\" data-id=\"8db674f\" data-element_type=\"widget\" data-e-type=\"widget\" data-widget_type=\"text-editor.default\">\n\t\t\t\t<div class=\"elementor-widget-container\">\n\t\t\t\t\t\t\t\t\t<h5 style=\"text-align: left;\"><span style=\"color: #000000;\">CARRI\u00c8RES<\/span><\/h5><p><img decoding=\"async\" src=\"https:\/\/experis.be\/wp-content\/uploads\/2020\/09\/logo__mypath-300x97.png\" alt=\"\" width=\"300\" height=\"97\" \/><\/p><h5><span style=\"color: #000000;\">COACHING ET FORMATION CONTINUE POUR \u00c9LARGIR VOS COMP\u00c9TENCES EN IT<\/span><\/h5>\t\t\t\t\t\t\t\t<\/div>\n\t\t\t\t<\/div>\n\t\t\t\t\t<\/div>\n\t\t<\/div>\n\t\t\t\t<div class=\"elementor-column elementor-col-50 elementor-top-column elementor-element elementor-element-afb9615 my-path-lady\" data-id=\"afb9615\" data-element_type=\"column\" data-e-type=\"column\" data-settings=\"{&quot;background_background&quot;:&quot;classic&quot;,&quot;animation&quot;:&quot;none&quot;}\">\n\t\t\t<div class=\"elementor-widget-wrap elementor-element-populated\">\n\t\t\t\t\t\t\t<\/div>\n\t\t<\/div>\n\t\t\t\t\t<\/div>\n\t\t<\/section>\n\t\t\t\t<section class=\"elementor-section elementor-top-section elementor-element elementor-element-c00e70a elementor-section-stretched elementor-section-height-min-height elementor-section-items-stretch rectangleTrans elementor-section-full_width elementor-section-height-default\" data-id=\"c00e70a\" data-element_type=\"section\" data-e-type=\"section\" id=\"banner-my-path\" data-settings=\"{&quot;stretch_section&quot;:&quot;section-stretched&quot;,&quot;background_background&quot;:&quot;classic&quot;,&quot;animation&quot;:&quot;none&quot;}\">\n\t\t\t\t\t\t<div class=\"elementor-container elementor-column-gap-default\">\n\t\t\t\t\t<div class=\"elementor-column elementor-col-100 elementor-top-column elementor-element elementor-element-ad3ce26 rectangleBleu animated-slow elementor-invisible\" data-id=\"ad3ce26\" data-element_type=\"column\" data-e-type=\"column\" data-settings=\"{&quot;background_background&quot;:&quot;classic&quot;,&quot;animation&quot;:&quot;slideInLeft&quot;,&quot;animation_delay&quot;:600}\">\n\t\t\t<div class=\"elementor-widget-wrap elementor-element-populated\">\n\t\t\t\t\t\t<div class=\"elementor-element elementor-element-b74ab3b elementor-widget elementor-widget-heading\" data-id=\"b74ab3b\" data-element_type=\"widget\" data-e-type=\"widget\" data-widget_type=\"heading.default\">\n\t\t\t\t<div class=\"elementor-widget-container\">\n\t\t\t\t\t<h2 class=\"elementor-heading-title elementor-size-default\">Add Your Heading Text Here<\/h2>\t\t\t\t<\/div>\n\t\t\t\t<\/div>\n\t\t\t\t\t<\/div>\n\t\t<\/div>\n\t\t\t\t\t<\/div>\n\t\t<\/section>\n\t\t\t\t<section class=\"elementor-section elementor-top-section elementor-element elementor-element-361086d elementor-section-stretched elementor-section-boxed elementor-section-height-default elementor-section-height-default\" data-id=\"361086d\" data-element_type=\"section\" data-e-type=\"section\" data-settings=\"{&quot;stretch_section&quot;:&quot;section-stretched&quot;,&quot;background_background&quot;:&quot;classic&quot;}\">\n\t\t\t\t\t\t<div class=\"elementor-container elementor-column-gap-default\">\n\t\t\t\t\t<div class=\"elementor-column elementor-col-100 elementor-top-column elementor-element elementor-element-4016933\" data-id=\"4016933\" data-element_type=\"column\" data-e-type=\"column\">\n\t\t\t<div class=\"elementor-widget-wrap elementor-element-populated\">\n\t\t\t\t\t\t<div class=\"elementor-element elementor-element-8229e3e elementor-widget elementor-widget-text-editor\" data-id=\"8229e3e\" data-element_type=\"widget\" data-e-type=\"widget\" data-widget_type=\"text-editor.default\">\n\t\t\t\t<div class=\"elementor-widget-container\">\n\t\t\t\t\t\t\t\t\t<h3 style=\"text-align: center;\">En quoi MyPath est-il diff\u00e9rent?<\/h3>\n<p style=\"text-align: center;\">Le programme MyPath vous offre des opportunit\u00e9s de perfectionner vos comp\u00e9tences et de r\u00e9pondre aux besoins professionnels des employeurs actuels et futurs. Le programme fournit des conseils personnalis\u00e9s, un d\u00e9veloppement de carri\u00e8re gr\u00e2ce \u00e0 des possibilit\u00e9s de formation, et un acc\u00e8s continu aux emplois afin que vous puissiez faire encore plus.<\/p>\t\t\t\t\t\t\t\t<\/div>\n\t\t\t\t<\/div>\n\t\t\t\t<div class=\"elementor-element elementor-element-6e066b5 elementor-widget elementor-widget-accordion\" data-id=\"6e066b5\" data-element_type=\"widget\" data-e-type=\"widget\" data-widget_type=\"accordion.default\">\n\t\t\t\t<div class=\"elementor-widget-container\">\n\t\t\t\t\t\t\t<div class=\"elementor-accordion\">\n\t\t\t\t\t\t\t<div class=\"elementor-accordion-item\">\n\t\t\t\t\t<div id=\"elementor-tab-title-1151\" class=\"elementor-tab-title\" data-tab=\"1\" role=\"button\" aria-controls=\"elementor-tab-content-1151\" aria-expanded=\"false\">\n\t\t\t\t\t\t\t\t\t\t\t\t\t<span class=\"elementor-accordion-icon elementor-accordion-icon-left\" aria-hidden=\"true\">\n\t\t\t\t\t\t\t\t\t\t\t\t\t\t\t<span class=\"elementor-accordion-icon-closed\"><i class=\"fas fa-plus\"><\/i><\/span>\n\t\t\t\t\t\t\t\t<span class=\"elementor-accordion-icon-opened\"><i class=\"fas fa-minus\"><\/i><\/span>\n\t\t\t\t\t\t\t\t\t\t\t\t\t\t<\/span>\n\t\t\t\t\t\t\t\t\t\t\t\t<a class=\"elementor-accordion-title\" tabindex=\"0\">Obtenir un acc\u00e8s prioritaire aux emplois<\/a>\n\t\t\t\t\t<\/div>\n\t\t\t\t\t<div id=\"elementor-tab-content-1151\" class=\"elementor-tab-content elementor-clearfix\" data-tab=\"1\" role=\"region\" aria-labelledby=\"elementor-tab-title-1151\"><p>&#8211; Les associ\u00e9s de MyPath b\u00e9n\u00e9ficient d&rsquo;un acc\u00e8s prioritaire aux nouvelles offres d&#8217;emploi permanentes et temporaires<br \/>&#8211; R\u00e9embauche plus rapide entre les emplois pour moins d&rsquo;\u00e9carts de revenus<br \/>&#8211; Votre talent consultant Experis vous repr\u00e9sente professionnellement aupr\u00e8s des employeurs<\/p><\/div>\n\t\t\t\t<\/div>\n\t\t\t\t\t\t\t<div class=\"elementor-accordion-item\">\n\t\t\t\t\t<div id=\"elementor-tab-title-1152\" class=\"elementor-tab-title\" data-tab=\"2\" role=\"button\" aria-controls=\"elementor-tab-content-1152\" aria-expanded=\"false\">\n\t\t\t\t\t\t\t\t\t\t\t\t\t<span class=\"elementor-accordion-icon elementor-accordion-icon-left\" aria-hidden=\"true\">\n\t\t\t\t\t\t\t\t\t\t\t\t\t\t\t<span class=\"elementor-accordion-icon-closed\"><i class=\"fas fa-plus\"><\/i><\/span>\n\t\t\t\t\t\t\t\t<span class=\"elementor-accordion-icon-opened\"><i class=\"fas fa-minus\"><\/i><\/span>\n\t\t\t\t\t\t\t\t\t\t\t\t\t\t<\/span>\n\t\t\t\t\t\t\t\t\t\t\t\t<a class=\"elementor-accordion-title\" tabindex=\"0\">\u00c9DUCATION SP\u00c9CIALIS\u00c9E ET FORMATION AUX COMP\u00c9TENCES<\/a>\n\t\t\t\t\t<\/div>\n\t\t\t\t\t<div id=\"elementor-tab-content-1152\" class=\"elementor-tab-content elementor-clearfix\" data-tab=\"2\" role=\"region\" aria-labelledby=\"elementor-tab-title-1152\"><p>D\u00e9veloppez votre potentiel et acc\u00e9l\u00e9rez votre carri\u00e8re.<\/p><\/div>\n\t\t\t\t<\/div>\n\t\t\t\t\t\t\t<div class=\"elementor-accordion-item\">\n\t\t\t\t\t<div id=\"elementor-tab-title-1153\" class=\"elementor-tab-title\" data-tab=\"3\" role=\"button\" aria-controls=\"elementor-tab-content-1153\" aria-expanded=\"false\">\n\t\t\t\t\t\t\t\t\t\t\t\t\t<span class=\"elementor-accordion-icon elementor-accordion-icon-left\" aria-hidden=\"true\">\n\t\t\t\t\t\t\t\t\t\t\t\t\t\t\t<span class=\"elementor-accordion-icon-closed\"><i class=\"fas fa-plus\"><\/i><\/span>\n\t\t\t\t\t\t\t\t<span class=\"elementor-accordion-icon-opened\"><i class=\"fas fa-minus\"><\/i><\/span>\n\t\t\t\t\t\t\t\t\t\t\t\t\t\t<\/span>\n\t\t\t\t\t\t\t\t\t\t\t\t<a class=\"elementor-accordion-title\" tabindex=\"0\">ACC\u00c9DER \u00c0 UN AGENT DE TALENT D\u00c9DI\u00c9<\/a>\n\t\t\t\t\t<\/div>\n\t\t\t\t\t<div id=\"elementor-tab-content-1153\" class=\"elementor-tab-content elementor-clearfix\" data-tab=\"3\" role=\"region\" aria-labelledby=\"elementor-tab-title-1153\"><p>Votre Talent consultant Experis vous repr\u00e9sentera aupr\u00e8s des meilleures organisations et vous guidera vers votre prochaine opportunit\u00e9.<\/p><\/div>\n\t\t\t\t<\/div>\n\t\t\t\t\t\t\t\t<\/div>\n\t\t\t\t\t\t<\/div>\n\t\t\t\t<\/div>\n\t\t\t\t\t<\/div>\n\t\t<\/div>\n\t\t\t\t\t<\/div>\n\t\t<\/section>\n\t\t\t\t<\/div>\n\t\t","protected":false},"excerpt":{"rendered":"<p>CARRI\u00c8RES COACHING ET FORMATION CONTINUE POUR \u00c9LARGIR VOS COMP\u00c9TENCES EN IT Add Your Heading Text Here En quoi MyPath est-il diff\u00e9rent? Le programme MyPath vous offre des opportunit\u00e9s de perfectionner vos comp\u00e9tences et de r\u00e9pondre aux besoins professionnels des employeurs actuels et futurs. Le programme fournit des conseils personnalis\u00e9s, un d\u00e9veloppement de carri\u00e8re gr\u00e2ce \u00e0 &hellip; <a href=\"https:\/\/experis.be\/fr\/mypath\/\" class=\"more-link\">Continuer la lecture<span class=\"screen-reader-text\"> de &laquo;&nbsp;MyPath&nbsp;&raquo;<\/span><\/a><\/p>\n","protected":false},"author":294,"featured_media":0,"parent":0,"menu_order":0,"comment_status":"closed","ping_status":"closed","template":"","meta":{"_vp_format_video_url":"","_vp_image_focal_point":[],"footnotes":""},"class_list":["post-7011721","page","type-page","status-publish","hentry"],"yoast_head":"<!-- This site is optimized with the Yoast SEO plugin v27.4 - https:\/\/yoast.com\/product\/yoast-seo-wordpress\/ -->\n<title>MyPath - Experis Belgium<\/title>\n<meta name=\"robots\" content=\"index, follow, max-snippet:-1, max-image-preview:large, max-video-preview:-1\" \/>\n<link rel=\"canonical\" href=\"https:\/\/experis.be\/fr\/mypath\/\" \/>\n<meta property=\"og:locale\" content=\"fr_FR\" \/>\n<meta property=\"og:type\" content=\"article\" \/>\n<meta property=\"og:title\" content=\"MyPath - Experis Belgium\" \/>\n<meta property=\"og:description\" content=\"CARRI\u00c8RES COACHING ET FORMATION CONTINUE POUR \u00c9LARGIR VOS COMP\u00c9TENCES EN IT Add Your Heading Text Here En quoi MyPath est-il diff\u00e9rent? Le programme MyPath vous offre des opportunit\u00e9s de perfectionner vos comp\u00e9tences et de r\u00e9pondre aux besoins professionnels des employeurs actuels et futurs. Le programme fournit des conseils personnalis\u00e9s, un d\u00e9veloppement de carri\u00e8re gr\u00e2ce \u00e0 &hellip; Continuer la lecture de &laquo;&nbsp;MyPath&nbsp;&raquo;\" \/>\n<meta property=\"og:url\" content=\"https:\/\/experis.be\/fr\/mypath\/\" \/>\n<meta property=\"og:site_name\" content=\"Experis Belgium\" \/>\n<meta property=\"article:modified_time\" content=\"2021-02-09T15:33:14+00:00\" \/>\n<meta property=\"og:image\" content=\"https:\/\/experis.be\/wp-content\/uploads\/2020\/09\/logo__mypath-300x97.png\" \/>\n<meta name=\"twitter:card\" content=\"summary_large_image\" \/>\n<meta name=\"twitter:label1\" content=\"Dur\u00e9e de lecture estim\u00e9e\" \/>\n\t<meta name=\"twitter:data1\" content=\"1 minute\" \/>\n<script type=\"application\/ld+json\" class=\"yoast-schema-graph\">{\"@context\":\"https:\\\/\\\/schema.org\",\"@graph\":[{\"@type\":\"WebPage\",\"@id\":\"https:\\\/\\\/experis.be\\\/fr\\\/mypath\\\/\",\"url\":\"https:\\\/\\\/experis.be\\\/fr\\\/mypath\\\/\",\"name\":\"MyPath - Experis Belgium\",\"isPartOf\":{\"@id\":\"https:\\\/\\\/experis.be\\\/#website\"},\"primaryImageOfPage\":{\"@id\":\"https:\\\/\\\/experis.be\\\/fr\\\/mypath\\\/#primaryimage\"},\"image\":{\"@id\":\"https:\\\/\\\/experis.be\\\/fr\\\/mypath\\\/#primaryimage\"},\"thumbnailUrl\":\"https:\\\/\\\/experis.be\\\/wp-content\\\/uploads\\\/2020\\\/09\\\/logo__mypath-300x97.png\",\"datePublished\":\"2020-10-26T09:46:08+00:00\",\"dateModified\":\"2021-02-09T15:33:14+00:00\",\"inLanguage\":\"fr-FR\",\"potentialAction\":[{\"@type\":\"ReadAction\",\"target\":[\"https:\\\/\\\/experis.be\\\/fr\\\/mypath\\\/\"]}]},{\"@type\":\"ImageObject\",\"inLanguage\":\"fr-FR\",\"@id\":\"https:\\\/\\\/experis.be\\\/fr\\\/mypath\\\/#primaryimage\",\"url\":\"https:\\\/\\\/experis.be\\\/wp-content\\\/uploads\\\/2020\\\/09\\\/logo__mypath-300x97.png\",\"contentUrl\":\"https:\\\/\\\/experis.be\\\/wp-content\\\/uploads\\\/2020\\\/09\\\/logo__mypath-300x97.png\"},{\"@type\":\"WebSite\",\"@id\":\"https:\\\/\\\/experis.be\\\/#website\",\"url\":\"https:\\\/\\\/experis.be\\\/\",\"name\":\"Experis Belgium\",\"description\":\"Talent, Multiplied.\",\"publisher\":{\"@id\":\"https:\\\/\\\/experis.be\\\/#organization\"},\"potentialAction\":[{\"@type\":\"SearchAction\",\"target\":{\"@type\":\"EntryPoint\",\"urlTemplate\":\"https:\\\/\\\/experis.be\\\/?s={search_term_string}\"},\"query-input\":{\"@type\":\"PropertyValueSpecification\",\"valueRequired\":true,\"valueName\":\"search_term_string\"}}],\"inLanguage\":\"fr-FR\"},{\"@type\":\"Organization\",\"@id\":\"https:\\\/\\\/experis.be\\\/#organization\",\"name\":\"Experis Belgium\",\"url\":\"https:\\\/\\\/experis.be\\\/\",\"logo\":{\"@type\":\"ImageObject\",\"inLanguage\":\"fr-FR\",\"@id\":\"https:\\\/\\\/experis.be\\\/#\\\/schema\\\/logo\\\/image\\\/\",\"url\":\"https:\\\/\\\/experis.be\\\/wp-content\\\/uploads\\\/2020\\\/11\\\/cropped-LOGO_EXP_BE_Logo_RS_HOR_MC_RGB_REG.jpg\",\"contentUrl\":\"https:\\\/\\\/experis.be\\\/wp-content\\\/uploads\\\/2020\\\/11\\\/cropped-LOGO_EXP_BE_Logo_RS_HOR_MC_RGB_REG.jpg\",\"width\":240,\"height\":75,\"caption\":\"Experis Belgium\"},\"image\":{\"@id\":\"https:\\\/\\\/experis.be\\\/#\\\/schema\\\/logo\\\/image\\\/\"}}]}<\/script>\n<!-- \/ Yoast SEO plugin. -->","yoast_head_json":{"title":"MyPath - Experis Belgium","robots":{"index":"index","follow":"follow","max-snippet":"max-snippet:-1","max-image-preview":"max-image-preview:large","max-video-preview":"max-video-preview:-1"},"canonical":"https:\/\/experis.be\/fr\/mypath\/","og_locale":"fr_FR","og_type":"article","og_title":"MyPath - Experis Belgium","og_description":"CARRI\u00c8RES COACHING ET FORMATION CONTINUE POUR \u00c9LARGIR VOS COMP\u00c9TENCES EN IT Add Your Heading Text Here En quoi MyPath est-il diff\u00e9rent? Le programme MyPath vous offre des opportunit\u00e9s de perfectionner vos comp\u00e9tences et de r\u00e9pondre aux besoins professionnels des employeurs actuels et futurs. Le programme fournit des conseils personnalis\u00e9s, un d\u00e9veloppement de carri\u00e8re gr\u00e2ce \u00e0 &hellip; Continuer la lecture de &laquo;&nbsp;MyPath&nbsp;&raquo;","og_url":"https:\/\/experis.be\/fr\/mypath\/","og_site_name":"Experis Belgium","article_modified_time":"2021-02-09T15:33:14+00:00","og_image":[{"url":"https:\/\/experis.be\/wp-content\/uploads\/2020\/09\/logo__mypath-300x97.png","type":"","width":"","height":""}],"twitter_card":"summary_large_image","twitter_misc":{"Dur\u00e9e de lecture estim\u00e9e":"1 minute"},"schema":{"@context":"https:\/\/schema.org","@graph":[{"@type":"WebPage","@id":"https:\/\/experis.be\/fr\/mypath\/","url":"https:\/\/experis.be\/fr\/mypath\/","name":"MyPath - Experis Belgium","isPartOf":{"@id":"https:\/\/experis.be\/#website"},"primaryImageOfPage":{"@id":"https:\/\/experis.be\/fr\/mypath\/#primaryimage"},"image":{"@id":"https:\/\/experis.be\/fr\/mypath\/#primaryimage"},"thumbnailUrl":"https:\/\/experis.be\/wp-content\/uploads\/2020\/09\/logo__mypath-300x97.png","datePublished":"2020-10-26T09:46:08+00:00","dateModified":"2021-02-09T15:33:14+00:00","inLanguage":"fr-FR","potentialAction":[{"@type":"ReadAction","target":["https:\/\/experis.be\/fr\/mypath\/"]}]},{"@type":"ImageObject","inLanguage":"fr-FR","@id":"https:\/\/experis.be\/fr\/mypath\/#primaryimage","url":"https:\/\/experis.be\/wp-content\/uploads\/2020\/09\/logo__mypath-300x97.png","contentUrl":"https:\/\/experis.be\/wp-content\/uploads\/2020\/09\/logo__mypath-300x97.png"},{"@type":"WebSite","@id":"https:\/\/experis.be\/#website","url":"https:\/\/experis.be\/","name":"Experis Belgium","description":"Talent, Multiplied.","publisher":{"@id":"https:\/\/experis.be\/#organization"},"potentialAction":[{"@type":"SearchAction","target":{"@type":"EntryPoint","urlTemplate":"https:\/\/experis.be\/?s={search_term_string}"},"query-input":{"@type":"PropertyValueSpecification","valueRequired":true,"valueName":"search_term_string"}}],"inLanguage":"fr-FR"},{"@type":"Organization","@id":"https:\/\/experis.be\/#organization","name":"Experis Belgium","url":"https:\/\/experis.be\/","logo":{"@type":"ImageObject","inLanguage":"fr-FR","@id":"https:\/\/experis.be\/#\/schema\/logo\/image\/","url":"https:\/\/experis.be\/wp-content\/uploads\/2020\/11\/cropped-LOGO_EXP_BE_Logo_RS_HOR_MC_RGB_REG.jpg","contentUrl":"https:\/\/experis.be\/wp-content\/uploads\/2020\/11\/cropped-LOGO_EXP_BE_Logo_RS_HOR_MC_RGB_REG.jpg","width":240,"height":75,"caption":"Experis Belgium"},"image":{"@id":"https:\/\/experis.be\/#\/schema\/logo\/image\/"}}]}},"_links":{"self":[{"href":"https:\/\/experis.be\/fr\/wp-json\/wp\/v2\/pages\/7011721","targetHints":{"allow":["GET"]}}],"collection":[{"href":"https:\/\/experis.be\/fr\/wp-json\/wp\/v2\/pages"}],"about":[{"href":"https:\/\/experis.be\/fr\/wp-json\/wp\/v2\/types\/page"}],"author":[{"embeddable":true,"href":"https:\/\/experis.be\/fr\/wp-json\/wp\/v2\/users\/294"}],"replies":[{"embeddable":true,"href":"https:\/\/experis.be\/fr\/wp-json\/wp\/v2\/comments?post=7011721"}],"version-history":[{"count":13,"href":"https:\/\/experis.be\/fr\/wp-json\/wp\/v2\/pages\/7011721\/revisions"}],"predecessor-version":[{"id":7021170,"href":"https:\/\/experis.be\/fr\/wp-json\/wp\/v2\/pages\/7011721\/revisions\/7021170"}],"wp:attachment":[{"href":"https:\/\/experis.be\/fr\/wp-json\/wp\/v2\/media?parent=7011721"}],"curies":[{"name":"wp","href":"https:\/\/api.w.org\/{rel}","templated":true}]}}