
{"id":7011707,"date":"2020-10-26T09:19:02","date_gmt":"2020-10-26T09:19:02","guid":{"rendered":"https:\/\/experis.be\/?page_id=7011707"},"modified":"2022-06-22T10:02:06","modified_gmt":"2022-06-22T10:02:06","slug":"carrieres","status":"publish","type":"page","link":"https:\/\/experis.be\/fr\/carrieres\/","title":{"rendered":"Carri\u00e8res"},"content":{"rendered":"\t\t<div data-elementor-type=\"wp-page\" data-elementor-id=\"7011707\" class=\"elementor elementor-7011707\" data-elementor-post-type=\"page\">\n\t\t\t\t\t\t<section class=\"elementor-section elementor-top-section elementor-element elementor-element-1ee7c7f6 elementor-section-stretched your-career elementor-section-height-min-height elementor-section-boxed elementor-section-height-default elementor-section-items-middle\" data-id=\"1ee7c7f6\" data-element_type=\"section\" data-e-type=\"section\" data-settings=\"{&quot;stretch_section&quot;:&quot;section-stretched&quot;,&quot;background_background&quot;:&quot;classic&quot;,&quot;animation&quot;:&quot;none&quot;}\">\n\t\t\t\t\t\t\t<div class=\"elementor-background-overlay\"><\/div>\n\t\t\t\t\t\t\t<div class=\"elementor-container elementor-column-gap-default\">\n\t\t\t\t\t<div class=\"elementor-column elementor-col-66 elementor-top-column elementor-element elementor-element-5098954a Home-section1-Text-gauche\" data-id=\"5098954a\" data-element_type=\"column\" data-e-type=\"column\" data-settings=\"{&quot;background_background&quot;:&quot;classic&quot;,&quot;animation&quot;:&quot;none&quot;}\">\n\t\t\t<div class=\"elementor-widget-wrap elementor-element-populated\">\n\t\t\t\t\t\t<div class=\"elementor-element elementor-element-36b0785b elementor-widget elementor-widget-text-editor\" data-id=\"36b0785b\" data-element_type=\"widget\" data-e-type=\"widget\" data-widget_type=\"text-editor.default\">\n\t\t\t\t<div class=\"elementor-widget-container\">\n\t\t\t\t\t\t\t\t\t<h1><span style=\"color: #ffffff;\">Lib\u00e9rez votre potentiel<\/span><\/h1>\n<span style=\"color: #ffffff;\">Quand vous disposez de la combinaison convaincante de comp\u00e9tences IT demand\u00e9es, d\u00e9cupl\u00e9es par les comp\u00e9tences non techniques qui vous donnent un avantage, vous pouvez fa\u00e7onner l&rsquo;avenir. <\/span>\t\t\t\t\t\t\t\t<\/div>\n\t\t\t\t<\/div>\n\t\t\t\t\t<\/div>\n\t\t<\/div>\n\t\t\t\t<div class=\"elementor-column elementor-col-33 elementor-top-column elementor-element elementor-element-66bbaea4 Home-section1-Text-droite\" data-id=\"66bbaea4\" data-element_type=\"column\" data-e-type=\"column\" data-settings=\"{&quot;background_background&quot;:&quot;classic&quot;,&quot;animation&quot;:&quot;none&quot;}\">\n\t\t\t<div class=\"elementor-widget-wrap elementor-element-populated\">\n\t\t\t\t\t\t\t<\/div>\n\t\t<\/div>\n\t\t\t\t\t<\/div>\n\t\t<\/section>\n\t\t\t\t<section class=\"elementor-section elementor-top-section elementor-element elementor-element-0783c11 elementor-section-stretched colorWhite elementor-section-boxed elementor-section-height-default elementor-section-height-default\" data-id=\"0783c11\" data-element_type=\"section\" data-e-type=\"section\" data-settings=\"{&quot;stretch_section&quot;:&quot;section-stretched&quot;,&quot;background_background&quot;:&quot;classic&quot;}\">\n\t\t\t\t\t\t<div class=\"elementor-container elementor-column-gap-default\">\n\t\t\t\t\t<div class=\"elementor-column elementor-col-100 elementor-top-column elementor-element elementor-element-b7219bb\" data-id=\"b7219bb\" data-element_type=\"column\" data-e-type=\"column\" data-settings=\"{&quot;background_background&quot;:&quot;classic&quot;}\">\n\t\t\t<div class=\"elementor-widget-wrap elementor-element-populated\">\n\t\t\t\t\t\t<div class=\"elementor-element elementor-element-993c738 elementor-widget elementor-widget-text-editor\" data-id=\"993c738\" data-element_type=\"widget\" data-e-type=\"widget\" data-widget_type=\"text-editor.default\">\n\t\t\t\t<div class=\"elementor-widget-container\">\n\t\t\t\t\t\t\t\t\t<h3 style=\"text-align: center;\">Experis associe vos comp\u00e9tences uniques \u00e0 la prochaine \u00e9tape de votre carri\u00e8re. Trouvez votre prochaine opportunit\u00e9.<\/h3>\n<p style=\"text-align: center;\"> <div class=\"matador-search-form-container \"> <form role=\"search\" method=\"get\" class=\"matador-search-form\" action=\"https:\/\/experis.be\/search-jobs\/\"> <div class=\"matador-search-form-field-group matador-search-form-field-keyword\"> <label for=\"matador_s\"> <span class=\"matador-screen-reader-text\"> Key Word or Key Words <\/span> <\/label> <input type=\"text\" id=\"matador_s\" name=\"matador_s\" value=\"\" placeholder=\"Search Jobs\"\/> <\/div> <div class=\"matador-terms matador-terms-select matador-taxonomy-provinces-terms-select matador-search-form-field-group matador-search-form-field-provinces\"> <label for=\"matador-provinces\"> <span class=\"matador-screen-reader-text\"> Limit jobs to this Province <\/span> <\/label> <select id=\"matador-provinces\" name=\"matador-provinces\" data-method=\"value\" > <option value=\"\" selected='selected'> Types<\/option> <option value=\"antwerp\" > Antwerp<\/option> <option value=\"brussels\" > Brussels<\/option> <option value=\"east-flanders\" > East Flanders<\/option> <option value=\"flemish-brabant\" > Flemish Brabant<\/option> <option value=\"hainaut\" > Hainaut<\/option> <option value=\"liege\" > Li\u00e8ge<\/option> <option value=\"limburg\" > Limburg<\/option> <option value=\"west-flanders\" > West Flanders<\/option> <\/select> <\/div> <div class=\"matador-search-form-field-group matador-search-form-field-submit\"> <button type=\"submit\" id=\"matador-search-submit\" class=\"matador-search-submit matador-button\"> Search <\/button> <\/div> <\/form> <\/div> <\/p>\n\n<div id=\"ConnectiveDocSignExtentionInstalled\" data-extension-version=\"1.0.4\"><\/div>\t\t\t\t\t\t\t\t<\/div>\n\t\t\t\t<\/div>\n\t\t\t\t\t<\/div>\n\t\t<\/div>\n\t\t\t\t\t<\/div>\n\t\t<\/section>\n\t\t\t\t<\/div>\n\t\t","protected":false},"excerpt":{"rendered":"<p>Lib\u00e9rez votre potentiel Quand vous disposez de la combinaison convaincante de comp\u00e9tences IT demand\u00e9es, d\u00e9cupl\u00e9es par les comp\u00e9tences non techniques qui vous donnent un avantage, vous pouvez fa\u00e7onner l&rsquo;avenir. Experis associe vos comp\u00e9tences uniques \u00e0 la prochaine \u00e9tape de votre carri\u00e8re. Trouvez votre prochaine opportunit\u00e9.<\/p>\n","protected":false},"author":294,"featured_media":0,"parent":0,"menu_order":0,"comment_status":"closed","ping_status":"closed","template":"","meta":{"_vp_format_video_url":"","_vp_image_focal_point":[],"footnotes":""},"class_list":["post-7011707","page","type-page","status-publish","hentry"],"yoast_head":"<!-- This site is optimized with the Yoast SEO plugin v27.3 - https:\/\/yoast.com\/product\/yoast-seo-wordpress\/ -->\n<title>Carri\u00e8res - Experis Belgium<\/title>\n<meta name=\"robots\" content=\"index, follow, max-snippet:-1, max-image-preview:large, max-video-preview:-1\" \/>\n<link rel=\"canonical\" href=\"https:\/\/experis.be\/fr\/carrieres\/\" \/>\n<meta property=\"og:locale\" content=\"fr_FR\" \/>\n<meta property=\"og:type\" content=\"article\" \/>\n<meta property=\"og:title\" content=\"Carri\u00e8res - Experis Belgium\" \/>\n<meta property=\"og:description\" content=\"Lib\u00e9rez votre potentiel Quand vous disposez de la combinaison convaincante de comp\u00e9tences IT demand\u00e9es, d\u00e9cupl\u00e9es par les comp\u00e9tences non techniques qui vous donnent un avantage, vous pouvez fa\u00e7onner l&rsquo;avenir. Experis associe vos comp\u00e9tences uniques \u00e0 la prochaine \u00e9tape de votre carri\u00e8re. Trouvez votre prochaine opportunit\u00e9.\" \/>\n<meta property=\"og:url\" content=\"https:\/\/experis.be\/fr\/carrieres\/\" \/>\n<meta property=\"og:site_name\" content=\"Experis Belgium\" \/>\n<meta property=\"article:modified_time\" content=\"2022-06-22T10:02:06+00:00\" \/>\n<meta name=\"twitter:card\" content=\"summary_large_image\" \/>\n<meta name=\"twitter:label1\" content=\"Dur\u00e9e de lecture estim\u00e9e\" \/>\n\t<meta name=\"twitter:data1\" content=\"1 minute\" \/>\n<script type=\"application\/ld+json\" class=\"yoast-schema-graph\">{\"@context\":\"https:\\\/\\\/schema.org\",\"@graph\":[{\"@type\":\"WebPage\",\"@id\":\"https:\\\/\\\/experis.be\\\/fr\\\/carrieres\\\/\",\"url\":\"https:\\\/\\\/experis.be\\\/fr\\\/carrieres\\\/\",\"name\":\"Carri\u00e8res - Experis Belgium\",\"isPartOf\":{\"@id\":\"https:\\\/\\\/experis.be\\\/#website\"},\"datePublished\":\"2020-10-26T09:19:02+00:00\",\"dateModified\":\"2022-06-22T10:02:06+00:00\",\"inLanguage\":\"fr-FR\",\"potentialAction\":[{\"@type\":\"ReadAction\",\"target\":[\"https:\\\/\\\/experis.be\\\/fr\\\/carrieres\\\/\"]}]},{\"@type\":\"WebSite\",\"@id\":\"https:\\\/\\\/experis.be\\\/#website\",\"url\":\"https:\\\/\\\/experis.be\\\/\",\"name\":\"Experis Belgium\",\"description\":\"Talent, Multiplied.\",\"publisher\":{\"@id\":\"https:\\\/\\\/experis.be\\\/#organization\"},\"potentialAction\":[{\"@type\":\"SearchAction\",\"target\":{\"@type\":\"EntryPoint\",\"urlTemplate\":\"https:\\\/\\\/experis.be\\\/?s={search_term_string}\"},\"query-input\":{\"@type\":\"PropertyValueSpecification\",\"valueRequired\":true,\"valueName\":\"search_term_string\"}}],\"inLanguage\":\"fr-FR\"},{\"@type\":\"Organization\",\"@id\":\"https:\\\/\\\/experis.be\\\/#organization\",\"name\":\"Experis Belgium\",\"url\":\"https:\\\/\\\/experis.be\\\/\",\"logo\":{\"@type\":\"ImageObject\",\"inLanguage\":\"fr-FR\",\"@id\":\"https:\\\/\\\/experis.be\\\/#\\\/schema\\\/logo\\\/image\\\/\",\"url\":\"https:\\\/\\\/experis.be\\\/wp-content\\\/uploads\\\/2020\\\/11\\\/cropped-LOGO_EXP_BE_Logo_RS_HOR_MC_RGB_REG.jpg\",\"contentUrl\":\"https:\\\/\\\/experis.be\\\/wp-content\\\/uploads\\\/2020\\\/11\\\/cropped-LOGO_EXP_BE_Logo_RS_HOR_MC_RGB_REG.jpg\",\"width\":240,\"height\":75,\"caption\":\"Experis Belgium\"},\"image\":{\"@id\":\"https:\\\/\\\/experis.be\\\/#\\\/schema\\\/logo\\\/image\\\/\"}}]}<\/script>\n<!-- \/ Yoast SEO plugin. -->","yoast_head_json":{"title":"Carri\u00e8res - Experis Belgium","robots":{"index":"index","follow":"follow","max-snippet":"max-snippet:-1","max-image-preview":"max-image-preview:large","max-video-preview":"max-video-preview:-1"},"canonical":"https:\/\/experis.be\/fr\/carrieres\/","og_locale":"fr_FR","og_type":"article","og_title":"Carri\u00e8res - Experis Belgium","og_description":"Lib\u00e9rez votre potentiel Quand vous disposez de la combinaison convaincante de comp\u00e9tences IT demand\u00e9es, d\u00e9cupl\u00e9es par les comp\u00e9tences non techniques qui vous donnent un avantage, vous pouvez fa\u00e7onner l&rsquo;avenir. Experis associe vos comp\u00e9tences uniques \u00e0 la prochaine \u00e9tape de votre carri\u00e8re. Trouvez votre prochaine opportunit\u00e9.","og_url":"https:\/\/experis.be\/fr\/carrieres\/","og_site_name":"Experis Belgium","article_modified_time":"2022-06-22T10:02:06+00:00","twitter_card":"summary_large_image","twitter_misc":{"Dur\u00e9e de lecture estim\u00e9e":"1 minute"},"schema":{"@context":"https:\/\/schema.org","@graph":[{"@type":"WebPage","@id":"https:\/\/experis.be\/fr\/carrieres\/","url":"https:\/\/experis.be\/fr\/carrieres\/","name":"Carri\u00e8res - Experis Belgium","isPartOf":{"@id":"https:\/\/experis.be\/#website"},"datePublished":"2020-10-26T09:19:02+00:00","dateModified":"2022-06-22T10:02:06+00:00","inLanguage":"fr-FR","potentialAction":[{"@type":"ReadAction","target":["https:\/\/experis.be\/fr\/carrieres\/"]}]},{"@type":"WebSite","@id":"https:\/\/experis.be\/#website","url":"https:\/\/experis.be\/","name":"Experis Belgium","description":"Talent, Multiplied.","publisher":{"@id":"https:\/\/experis.be\/#organization"},"potentialAction":[{"@type":"SearchAction","target":{"@type":"EntryPoint","urlTemplate":"https:\/\/experis.be\/?s={search_term_string}"},"query-input":{"@type":"PropertyValueSpecification","valueRequired":true,"valueName":"search_term_string"}}],"inLanguage":"fr-FR"},{"@type":"Organization","@id":"https:\/\/experis.be\/#organization","name":"Experis Belgium","url":"https:\/\/experis.be\/","logo":{"@type":"ImageObject","inLanguage":"fr-FR","@id":"https:\/\/experis.be\/#\/schema\/logo\/image\/","url":"https:\/\/experis.be\/wp-content\/uploads\/2020\/11\/cropped-LOGO_EXP_BE_Logo_RS_HOR_MC_RGB_REG.jpg","contentUrl":"https:\/\/experis.be\/wp-content\/uploads\/2020\/11\/cropped-LOGO_EXP_BE_Logo_RS_HOR_MC_RGB_REG.jpg","width":240,"height":75,"caption":"Experis Belgium"},"image":{"@id":"https:\/\/experis.be\/#\/schema\/logo\/image\/"}}]}},"_links":{"self":[{"href":"https:\/\/experis.be\/fr\/wp-json\/wp\/v2\/pages\/7011707","targetHints":{"allow":["GET"]}}],"collection":[{"href":"https:\/\/experis.be\/fr\/wp-json\/wp\/v2\/pages"}],"about":[{"href":"https:\/\/experis.be\/fr\/wp-json\/wp\/v2\/types\/page"}],"author":[{"embeddable":true,"href":"https:\/\/experis.be\/fr\/wp-json\/wp\/v2\/users\/294"}],"replies":[{"embeddable":true,"href":"https:\/\/experis.be\/fr\/wp-json\/wp\/v2\/comments?post=7011707"}],"version-history":[{"count":15,"href":"https:\/\/experis.be\/fr\/wp-json\/wp\/v2\/pages\/7011707\/revisions"}],"predecessor-version":[{"id":7031003,"href":"https:\/\/experis.be\/fr\/wp-json\/wp\/v2\/pages\/7011707\/revisions\/7031003"}],"wp:attachment":[{"href":"https:\/\/experis.be\/fr\/wp-json\/wp\/v2\/media?parent=7011707"}],"curies":[{"name":"wp","href":"https:\/\/api.w.org\/{rel}","templated":true}]}}