
{"id":7011702,"date":"2020-10-26T09:14:12","date_gmt":"2020-10-26T09:14:12","guid":{"rendered":"https:\/\/experis.be\/?page_id=7011702"},"modified":"2021-01-18T08:12:22","modified_gmt":"2021-01-18T08:12:22","slug":"perspectives","status":"publish","type":"page","link":"https:\/\/experis.be\/fr\/perspectives\/","title":{"rendered":"News"},"content":{"rendered":"\t\t<div data-elementor-type=\"wp-page\" data-elementor-id=\"7011702\" class=\"elementor elementor-7011702\" data-elementor-post-type=\"page\">\n\t\t\t\t\t\t<section class=\"elementor-section elementor-top-section elementor-element elementor-element-4cff7f5 elementor-section-stretched elementor-section-boxed elementor-section-height-default elementor-section-height-default\" data-id=\"4cff7f5\" data-element_type=\"section\" data-e-type=\"section\" data-settings=\"{&quot;stretch_section&quot;:&quot;section-stretched&quot;,&quot;background_background&quot;:&quot;classic&quot;}\">\n\t\t\t\t\t\t<div class=\"elementor-container elementor-column-gap-default\">\n\t\t\t\t\t<div class=\"elementor-column elementor-col-50 elementor-top-column elementor-element elementor-element-247fd29 elementor-invisible\" data-id=\"247fd29\" data-element_type=\"column\" data-e-type=\"column\" data-settings=\"{&quot;animation&quot;:&quot;slideInLeft&quot;}\">\n\t\t\t<div class=\"elementor-widget-wrap elementor-element-populated\">\n\t\t\t\t\t\t<div class=\"elementor-element elementor-element-3077d39 elementor-widget elementor-widget-text-editor\" data-id=\"3077d39\" data-element_type=\"widget\" data-e-type=\"widget\" data-widget_type=\"text-editor.default\">\n\t\t\t\t<div class=\"elementor-widget-container\">\n\t\t\t\t\t\t\t\t\t<h5 style=\"text-align: left; color: #ffffff;\">NeWS<\/h5>\n<h2 style=\"text-align: left;\"><span style=\"color: #ffffff;\">Perspectives et \u00c9tudes<\/span><\/h2>\n<p style=\"color: #ffffff; font-weight: 400;\">Experis exploite ses \u00e9tudes internes et son expertise approfondie du secteur pour aider les organisations \u00e0 r\u00e9ussir dans un monde num\u00e9rique en \u00e9volution rapide.<\/p>\t\t\t\t\t\t\t\t<\/div>\n\t\t\t\t<\/div>\n\t\t\t\t\t<\/div>\n\t\t<\/div>\n\t\t\t\t<div class=\"elementor-column elementor-col-50 elementor-top-column elementor-element elementor-element-299ebaa elementor-invisible\" data-id=\"299ebaa\" data-element_type=\"column\" data-e-type=\"column\" data-settings=\"{&quot;animation&quot;:&quot;slideInLeft&quot;}\">\n\t\t\t<div class=\"elementor-widget-wrap\">\n\t\t\t\t\t\t\t<\/div>\n\t\t<\/div>\n\t\t\t\t\t<\/div>\n\t\t<\/section>\n\t\t\t\t<section class=\"elementor-section elementor-top-section elementor-element elementor-element-01fd6b0 elementor-section-stretched elementor-section-boxed elementor-section-height-default elementor-section-height-default\" data-id=\"01fd6b0\" data-element_type=\"section\" data-e-type=\"section\" data-settings=\"{&quot;stretch_section&quot;:&quot;section-stretched&quot;,&quot;background_background&quot;:&quot;classic&quot;}\">\n\t\t\t\t\t\t<div class=\"elementor-container elementor-column-gap-default\">\n\t\t\t\t\t<div class=\"elementor-column elementor-col-100 elementor-top-column elementor-element elementor-element-a12ad20\" data-id=\"a12ad20\" data-element_type=\"column\" data-e-type=\"column\">\n\t\t\t<div class=\"elementor-widget-wrap elementor-element-populated\">\n\t\t\t\t\t\t<section class=\"elementor-section elementor-inner-section elementor-element elementor-element-ae232e1 elementor-section-boxed elementor-section-height-default elementor-section-height-default\" data-id=\"ae232e1\" data-element_type=\"section\" data-e-type=\"section\">\n\t\t\t\t\t\t<div class=\"elementor-container elementor-column-gap-default\">\n\t\t\t\t\t<div class=\"elementor-column elementor-col-100 elementor-inner-column elementor-element elementor-element-a2aa3d5\" data-id=\"a2aa3d5\" data-element_type=\"column\" data-e-type=\"column\">\n\t\t\t<div class=\"elementor-widget-wrap elementor-element-populated\">\n\t\t\t\t\t\t<div class=\"elementor-element elementor-element-c21dd99 elementor-widget elementor-widget-text-editor\" data-id=\"c21dd99\" data-element_type=\"widget\" data-e-type=\"widget\" data-widget_type=\"text-editor.default\">\n\t\t\t\t<div class=\"elementor-widget-container\">\n\t\t\t\t\t\t\t\t\t<h5>ACTUALIT\u00c9S<\/h5>\t\t\t\t\t\t\t\t<\/div>\n\t\t\t\t<\/div>\n\t\t\t\t\t<\/div>\n\t\t<\/div>\n\t\t\t\t\t<\/div>\n\t\t<\/section>\n\t\t\t\t<div class=\"elementor-element elementor-element-25900e8 elementor-grid-3 elementor-grid-tablet-2 elementor-grid-mobile-1 elementor-posts--thumbnail-top elementor-widget elementor-widget-posts\" data-id=\"25900e8\" data-element_type=\"widget\" data-e-type=\"widget\" data-settings=\"{&quot;classic_columns&quot;:&quot;3&quot;,&quot;classic_columns_tablet&quot;:&quot;2&quot;,&quot;classic_columns_mobile&quot;:&quot;1&quot;,&quot;classic_row_gap&quot;:{&quot;unit&quot;:&quot;px&quot;,&quot;size&quot;:35,&quot;sizes&quot;:[]},&quot;classic_row_gap_tablet&quot;:{&quot;unit&quot;:&quot;px&quot;,&quot;size&quot;:&quot;&quot;,&quot;sizes&quot;:[]},&quot;classic_row_gap_mobile&quot;:{&quot;unit&quot;:&quot;px&quot;,&quot;size&quot;:&quot;&quot;,&quot;sizes&quot;:[]}}\" data-widget_type=\"posts.classic\">\n\t\t\t\t<div class=\"elementor-widget-container\">\n\t\t\t\t\t\t\t<div class=\"elementor-posts-container elementor-posts elementor-posts--skin-classic elementor-grid\" role=\"list\">\n\t\t\t\t<article class=\"elementor-post elementor-grid-item post-7020024 post type-post status-publish format-standard has-post-thumbnail hentry category-evenements\" role=\"listitem\">\n\t\t\t\t<a class=\"elementor-post__thumbnail__link\" href=\"https:\/\/experis.be\/fr\/how-your-data-and-automation-could-improve-the-employee-experience\/\" tabindex=\"-1\" >\n\t\t\t<div class=\"elementor-post__thumbnail\"><img fetchpriority=\"high\" decoding=\"async\" width=\"300\" height=\"199\" src=\"https:\/\/experis.be\/wp-content\/uploads\/2021\/01\/Webinar-21012021-300x199.jpg\" class=\"attachment-medium size-medium wp-image-7018914\" alt=\"\" srcset=\"https:\/\/experis.be\/wp-content\/uploads\/2021\/01\/Webinar-21012021-300x199.jpg 300w, https:\/\/experis.be\/wp-content\/uploads\/2021\/01\/Webinar-21012021-1024x679.jpg 1024w, https:\/\/experis.be\/wp-content\/uploads\/2021\/01\/Webinar-21012021-768x509.jpg 768w, https:\/\/experis.be\/wp-content\/uploads\/2021\/01\/Webinar-21012021-1536x1019.jpg 1536w, https:\/\/experis.be\/wp-content\/uploads\/2021\/01\/Webinar-21012021-1200x796.jpg 1200w, https:\/\/experis.be\/wp-content\/uploads\/2021\/01\/Webinar-21012021.jpg 1628w\" sizes=\"(max-width: 300px) 85vw, 300px\" \/><\/div>\n\t\t<\/a>\n\t\t\t\t<div class=\"elementor-post__text\">\n\t\t\t\t<h3 class=\"elementor-post__title\">\n\t\t\t<a href=\"https:\/\/experis.be\/fr\/how-your-data-and-automation-could-improve-the-employee-experience\/\" >\n\t\t\t\tHow your data and automation could improve the employee experience\t\t\t<\/a>\n\t\t<\/h3>\n\t\t\t\t<div class=\"elementor-post__meta-data\">\n\t\t\t\t\t<span class=\"elementor-post-date\">\n\t\t\tjanvier 21, 2021\t\t<\/span>\n\t\t\t\t<span class=\"elementor-post-avatar\">\n\t\t\tAucun commentaire\t\t<\/span>\n\t\t\t\t<\/div>\n\t\t\t\t<div class=\"elementor-post__excerpt\">\n\t\t\t<p>Ever thought about how your data and automation could improve the employee experience? You should! During the webinar on 21\/01, we went deeper into how<\/p>\n\t\t<\/div>\n\t\t\n\t\t<a class=\"elementor-post__read-more\" href=\"https:\/\/experis.be\/fr\/how-your-data-and-automation-could-improve-the-employee-experience\/\" aria-label=\"En savoir plus sur How your data and automation could improve the employee experience\" tabindex=\"-1\" >\n\t\t\tEn savoir plus \u00bb\t\t<\/a>\n\n\t\t\t\t<\/div>\n\t\t\t\t<\/article>\n\t\t\t\t<article class=\"elementor-post elementor-grid-item post-7011580 post type-post status-publish format-standard has-post-thumbnail hentry category-talent-fr tag-talent-fr\" role=\"listitem\">\n\t\t\t\t<a class=\"elementor-post__thumbnail__link\" href=\"https:\/\/experis.be\/fr\/5-strategies-for-finding-talents\/\" tabindex=\"-1\" >\n\t\t\t<div class=\"elementor-post__thumbnail\"><img decoding=\"async\" width=\"300\" height=\"300\" src=\"https:\/\/experis.be\/wp-content\/uploads\/2020\/10\/Juiste-afmeting_80k-300x300.jpg\" class=\"attachment-medium size-medium wp-image-7016234\" alt=\"\" srcset=\"https:\/\/experis.be\/wp-content\/uploads\/2020\/10\/Juiste-afmeting_80k-300x300.jpg 300w, https:\/\/experis.be\/wp-content\/uploads\/2020\/10\/Juiste-afmeting_80k-150x150.jpg 150w, https:\/\/experis.be\/wp-content\/uploads\/2020\/10\/Juiste-afmeting_80k.jpg 750w\" sizes=\"(max-width: 300px) 85vw, 300px\" \/><\/div>\n\t\t<\/a>\n\t\t\t\t<div class=\"elementor-post__text\">\n\t\t\t\t<h3 class=\"elementor-post__title\">\n\t\t\t<a href=\"https:\/\/experis.be\/fr\/5-strategies-for-finding-talents\/\" >\n\t\t\t\t5 strategies for finding talents\t\t\t<\/a>\n\t\t<\/h3>\n\t\t\t\t<div class=\"elementor-post__meta-data\">\n\t\t\t\t\t<span class=\"elementor-post-date\">\n\t\t\toctobre 22, 2020\t\t<\/span>\n\t\t\t\t<span class=\"elementor-post-avatar\">\n\t\t\tAucun commentaire\t\t<\/span>\n\t\t\t\t<\/div>\n\t\t\t\t<div class=\"elementor-post__excerpt\">\n\t\t\t<p>Engage your personal network When you hire your first employees, you need people you trust and get along with personally. Starting with your personal network<\/p>\n\t\t<\/div>\n\t\t\n\t\t<a class=\"elementor-post__read-more\" href=\"https:\/\/experis.be\/fr\/5-strategies-for-finding-talents\/\" aria-label=\"En savoir plus sur 5 strategies for finding talents\" tabindex=\"-1\" >\n\t\t\tEn savoir plus \u00bb\t\t<\/a>\n\n\t\t\t\t<\/div>\n\t\t\t\t<\/article>\n\t\t\t\t<article class=\"elementor-post elementor-grid-item post-7011582 post type-post status-publish format-standard has-post-thumbnail hentry category-espace-de-travail-numerique\" role=\"listitem\">\n\t\t\t\t<a class=\"elementor-post__thumbnail__link\" href=\"https:\/\/experis.be\/fr\/meos-fr\/\" tabindex=\"-1\" >\n\t\t\t<div class=\"elementor-post__thumbnail\"><img decoding=\"async\" width=\"300\" height=\"200\" src=\"https:\/\/experis.be\/wp-content\/uploads\/2020\/09\/ALL_disk_man_bluewash_rgb_150-300x200.jpg\" class=\"attachment-medium size-medium wp-image-7011583\" alt=\"\" srcset=\"https:\/\/experis.be\/wp-content\/uploads\/2020\/09\/ALL_disk_man_bluewash_rgb_150-300x200.jpg 300w, https:\/\/experis.be\/wp-content\/uploads\/2020\/09\/ALL_disk_man_bluewash_rgb_150.jpg 750w\" sizes=\"(max-width: 300px) 85vw, 300px\" \/><\/div>\n\t\t<\/a>\n\t\t\t\t<div class=\"elementor-post__text\">\n\t\t\t\t<h3 class=\"elementor-post__title\">\n\t\t\t<a href=\"https:\/\/experis.be\/fr\/meos-fr\/\" >\n\t\t\t\tMEOS\t\t\t<\/a>\n\t\t<\/h3>\n\t\t\t\t<div class=\"elementor-post__meta-data\">\n\t\t\t\t\t<span class=\"elementor-post-date\">\n\t\t\toctobre 22, 2020\t\t<\/span>\n\t\t\t\t<span class=\"elementor-post-avatar\">\n\t\t\tAucun commentaire\t\t<\/span>\n\t\t\t\t<\/div>\n\t\t\t\t<div class=\"elementor-post__excerpt\">\n\t\t\t<p>According to the ManpowerGroup Employment Barometer released today, the Covid-19 crisis will continue to take its toll on the job market, although there are some<\/p>\n\t\t<\/div>\n\t\t\n\t\t<a class=\"elementor-post__read-more\" href=\"https:\/\/experis.be\/fr\/meos-fr\/\" aria-label=\"En savoir plus sur MEOS\" tabindex=\"-1\" >\n\t\t\tEn savoir plus \u00bb\t\t<\/a>\n\n\t\t\t\t<\/div>\n\t\t\t\t<\/article>\n\t\t\t\t<article class=\"elementor-post elementor-grid-item post-7011587 post type-post status-publish format-standard has-post-thumbnail hentry category-talent-fr\" role=\"listitem\">\n\t\t\t\t<a class=\"elementor-post__thumbnail__link\" href=\"https:\/\/experis.be\/fr\/working-startups-fr\/\" tabindex=\"-1\" >\n\t\t\t<div class=\"elementor-post__thumbnail\"><img loading=\"lazy\" decoding=\"async\" width=\"300\" height=\"169\" src=\"https:\/\/experis.be\/wp-content\/uploads\/2020\/07\/hero.e69ed458-300x169.jpg\" class=\"attachment-medium size-medium wp-image-6971099\" alt=\"\" srcset=\"https:\/\/experis.be\/wp-content\/uploads\/2020\/07\/hero.e69ed458-300x169.jpg 300w, https:\/\/experis.be\/wp-content\/uploads\/2020\/07\/hero.e69ed458-1024x575.jpg 1024w, https:\/\/experis.be\/wp-content\/uploads\/2020\/07\/hero.e69ed458-768x431.jpg 768w, https:\/\/experis.be\/wp-content\/uploads\/2020\/07\/hero.e69ed458-1200x674.jpg 1200w, https:\/\/experis.be\/wp-content\/uploads\/2020\/07\/hero.e69ed458.jpg 1440w\" sizes=\"(max-width: 300px) 85vw, 300px\" \/><\/div>\n\t\t<\/a>\n\t\t\t\t<div class=\"elementor-post__text\">\n\t\t\t\t<h3 class=\"elementor-post__title\">\n\t\t\t<a href=\"https:\/\/experis.be\/fr\/working-startups-fr\/\" >\n\t\t\t\tWorking @ Startups\t\t\t<\/a>\n\t\t<\/h3>\n\t\t\t\t<div class=\"elementor-post__meta-data\">\n\t\t\t\t\t<span class=\"elementor-post-date\">\n\t\t\toctobre 7, 2020\t\t<\/span>\n\t\t\t\t<span class=\"elementor-post-avatar\">\n\t\t\tAucun commentaire\t\t<\/span>\n\t\t\t\t<\/div>\n\t\t\t\t<div class=\"elementor-post__excerpt\">\n\t\t\t<p>Startups.be | Scale-Ups.eu organized two digital job fairs on October 20th and 28th to link talent to startups and scale-ups. This is a annual concept,<\/p>\n\t\t<\/div>\n\t\t\n\t\t<a class=\"elementor-post__read-more\" href=\"https:\/\/experis.be\/fr\/working-startups-fr\/\" aria-label=\"En savoir plus sur Working @ Startups\" tabindex=\"-1\" >\n\t\t\tEn savoir plus \u00bb\t\t<\/a>\n\n\t\t\t\t<\/div>\n\t\t\t\t<\/article>\n\t\t\t\t<\/div>\n\t\t\n\t\t\t\t\t\t<\/div>\n\t\t\t\t<\/div>\n\t\t\t\t\t<\/div>\n\t\t<\/div>\n\t\t\t\t\t<\/div>\n\t\t<\/section>\n\t\t\t\t<section class=\"elementor-section elementor-top-section elementor-element elementor-element-f8b1e2e elementor-section-stretched colorWhite elementor-section-boxed elementor-section-height-default elementor-section-height-default\" data-id=\"f8b1e2e\" data-element_type=\"section\" data-e-type=\"section\" data-settings=\"{&quot;stretch_section&quot;:&quot;section-stretched&quot;,&quot;background_background&quot;:&quot;gradient&quot;}\">\n\t\t\t\t\t\t<div class=\"elementor-container elementor-column-gap-default\">\n\t\t\t\t\t<div class=\"elementor-column elementor-col-100 elementor-top-column elementor-element elementor-element-e57fa08\" data-id=\"e57fa08\" data-element_type=\"column\" data-e-type=\"column\">\n\t\t\t<div class=\"elementor-widget-wrap elementor-element-populated\">\n\t\t\t\t\t\t<div class=\"elementor-element elementor-element-1793401 elementor-widget elementor-widget-text-editor\" data-id=\"1793401\" data-element_type=\"widget\" data-e-type=\"widget\" data-widget_type=\"text-editor.default\">\n\t\t\t\t<div class=\"elementor-widget-container\">\n\t\t\t\t\t\t\t\t\t<h3 style=\"text-align: center;\"><span style=\"color: #ffffff;\">Discutons de vos besoins<\/span><\/h3>\n<p style=\"text-align: center; color: #ffffff; font-weight: 400;\">\nLes consultants Experis peuvent vous aider \u00e0 mieux comprendre votre projet ou besoin de service afin d&rsquo;identifier la meilleure solution pour vous<\/p>\t\t\t\t\t\t\t\t<\/div>\n\t\t\t\t<\/div>\n\t\t\t\t<div class=\"elementor-element elementor-element-c12d246 elementor-align-center elementor-widget elementor-widget-button\" data-id=\"c12d246\" data-element_type=\"widget\" data-e-type=\"widget\" data-widget_type=\"button.default\">\n\t\t\t\t<div class=\"elementor-widget-container\">\n\t\t\t\t\t\t\t\t\t<div class=\"elementor-button-wrapper\">\n\t\t\t\t\t<a class=\"elementor-button elementor-button-link elementor-size-md\" href=\"\/fr\/contactez-nous\/\">\n\t\t\t\t\t\t<span class=\"elementor-button-content-wrapper\">\n\t\t\t\t\t\t\t\t\t<span class=\"elementor-button-text\">CONTACTEZ-NOUS<\/span>\n\t\t\t\t\t<\/span>\n\t\t\t\t\t<\/a>\n\t\t\t\t<\/div>\n\t\t\t\t\t\t\t\t<\/div>\n\t\t\t\t<\/div>\n\t\t\t\t\t<\/div>\n\t\t<\/div>\n\t\t\t\t\t<\/div>\n\t\t<\/section>\n\t\t\t\t<\/div>\n\t\t","protected":false},"excerpt":{"rendered":"<p>NeWS Perspectives et \u00c9tudes Experis exploite ses \u00e9tudes internes et son expertise approfondie du secteur pour aider les organisations \u00e0 r\u00e9ussir dans un monde num\u00e9rique en \u00e9volution rapide. ACTUALIT\u00c9S Discutons de vos besoins Les consultants Experis peuvent vous aider \u00e0 mieux comprendre votre projet ou besoin de service afin d&rsquo;identifier la meilleure solution pour vous &hellip; <a href=\"https:\/\/experis.be\/fr\/working-startups-fr\/\" class=\"more-link\">Continuer la lecture<span class=\"screen-reader-text\"> de &laquo;&nbsp;Working @ Startups&nbsp;&raquo;<\/span><\/a><\/p>\n","protected":false},"author":294,"featured_media":0,"parent":0,"menu_order":0,"comment_status":"closed","ping_status":"closed","template":"","meta":{"_vp_format_video_url":"","_vp_image_focal_point":[],"footnotes":""},"class_list":["post-7011702","page","type-page","status-publish","hentry"],"yoast_head":"<!-- This site is optimized with the Yoast SEO plugin v27.3 - https:\/\/yoast.com\/product\/yoast-seo-wordpress\/ -->\n<title>News - Experis Belgium<\/title>\n<meta name=\"robots\" content=\"index, follow, max-snippet:-1, max-image-preview:large, max-video-preview:-1\" \/>\n<link rel=\"canonical\" href=\"https:\/\/experis.be\/fr\/perspectives\/\" \/>\n<meta property=\"og:locale\" content=\"fr_FR\" \/>\n<meta property=\"og:type\" content=\"article\" \/>\n<meta property=\"og:title\" content=\"News - Experis Belgium\" \/>\n<meta property=\"og:description\" content=\"NeWS Perspectives et \u00c9tudes Experis exploite ses \u00e9tudes internes et son expertise approfondie du secteur pour aider les organisations \u00e0 r\u00e9ussir dans un monde num\u00e9rique en \u00e9volution rapide. ACTUALIT\u00c9S Discutons de vos besoins Les consultants Experis peuvent vous aider \u00e0 mieux comprendre votre projet ou besoin de service afin d&rsquo;identifier la meilleure solution pour vous &hellip; Continuer la lecture de &laquo;&nbsp;Working @ Startups&nbsp;&raquo;\" \/>\n<meta property=\"og:url\" content=\"https:\/\/experis.be\/fr\/perspectives\/\" \/>\n<meta property=\"og:site_name\" content=\"Experis Belgium\" \/>\n<meta property=\"article:modified_time\" content=\"2021-01-18T08:12:22+00:00\" \/>\n<meta name=\"twitter:card\" content=\"summary_large_image\" \/>\n<meta name=\"twitter:label1\" content=\"Dur\u00e9e de lecture estim\u00e9e\" \/>\n\t<meta name=\"twitter:data1\" content=\"2 minutes\" \/>\n<script type=\"application\/ld+json\" class=\"yoast-schema-graph\">{\"@context\":\"https:\\\/\\\/schema.org\",\"@graph\":[{\"@type\":\"WebPage\",\"@id\":\"https:\\\/\\\/experis.be\\\/fr\\\/perspectives\\\/\",\"url\":\"https:\\\/\\\/experis.be\\\/fr\\\/perspectives\\\/\",\"name\":\"News - Experis Belgium\",\"isPartOf\":{\"@id\":\"https:\\\/\\\/experis.be\\\/#website\"},\"datePublished\":\"2020-10-26T09:14:12+00:00\",\"dateModified\":\"2021-01-18T08:12:22+00:00\",\"inLanguage\":\"fr-FR\",\"potentialAction\":[{\"@type\":\"ReadAction\",\"target\":[\"https:\\\/\\\/experis.be\\\/fr\\\/perspectives\\\/\"]}]},{\"@type\":\"WebSite\",\"@id\":\"https:\\\/\\\/experis.be\\\/#website\",\"url\":\"https:\\\/\\\/experis.be\\\/\",\"name\":\"Experis Belgium\",\"description\":\"Talent, Multiplied.\",\"publisher\":{\"@id\":\"https:\\\/\\\/experis.be\\\/#organization\"},\"potentialAction\":[{\"@type\":\"SearchAction\",\"target\":{\"@type\":\"EntryPoint\",\"urlTemplate\":\"https:\\\/\\\/experis.be\\\/?s={search_term_string}\"},\"query-input\":{\"@type\":\"PropertyValueSpecification\",\"valueRequired\":true,\"valueName\":\"search_term_string\"}}],\"inLanguage\":\"fr-FR\"},{\"@type\":\"Organization\",\"@id\":\"https:\\\/\\\/experis.be\\\/#organization\",\"name\":\"Experis Belgium\",\"url\":\"https:\\\/\\\/experis.be\\\/\",\"logo\":{\"@type\":\"ImageObject\",\"inLanguage\":\"fr-FR\",\"@id\":\"https:\\\/\\\/experis.be\\\/#\\\/schema\\\/logo\\\/image\\\/\",\"url\":\"https:\\\/\\\/experis.be\\\/wp-content\\\/uploads\\\/2020\\\/11\\\/cropped-LOGO_EXP_BE_Logo_RS_HOR_MC_RGB_REG.jpg\",\"contentUrl\":\"https:\\\/\\\/experis.be\\\/wp-content\\\/uploads\\\/2020\\\/11\\\/cropped-LOGO_EXP_BE_Logo_RS_HOR_MC_RGB_REG.jpg\",\"width\":240,\"height\":75,\"caption\":\"Experis Belgium\"},\"image\":{\"@id\":\"https:\\\/\\\/experis.be\\\/#\\\/schema\\\/logo\\\/image\\\/\"}}]}<\/script>\n<!-- \/ Yoast SEO plugin. -->","yoast_head_json":{"title":"News - Experis Belgium","robots":{"index":"index","follow":"follow","max-snippet":"max-snippet:-1","max-image-preview":"max-image-preview:large","max-video-preview":"max-video-preview:-1"},"canonical":"https:\/\/experis.be\/fr\/perspectives\/","og_locale":"fr_FR","og_type":"article","og_title":"News - Experis Belgium","og_description":"NeWS Perspectives et \u00c9tudes Experis exploite ses \u00e9tudes internes et son expertise approfondie du secteur pour aider les organisations \u00e0 r\u00e9ussir dans un monde num\u00e9rique en \u00e9volution rapide. ACTUALIT\u00c9S Discutons de vos besoins Les consultants Experis peuvent vous aider \u00e0 mieux comprendre votre projet ou besoin de service afin d&rsquo;identifier la meilleure solution pour vous &hellip; Continuer la lecture de &laquo;&nbsp;Working @ Startups&nbsp;&raquo;","og_url":"https:\/\/experis.be\/fr\/perspectives\/","og_site_name":"Experis Belgium","article_modified_time":"2021-01-18T08:12:22+00:00","twitter_card":"summary_large_image","twitter_misc":{"Dur\u00e9e de lecture estim\u00e9e":"2 minutes"},"schema":{"@context":"https:\/\/schema.org","@graph":[{"@type":"WebPage","@id":"https:\/\/experis.be\/fr\/perspectives\/","url":"https:\/\/experis.be\/fr\/perspectives\/","name":"News - Experis Belgium","isPartOf":{"@id":"https:\/\/experis.be\/#website"},"datePublished":"2020-10-26T09:14:12+00:00","dateModified":"2021-01-18T08:12:22+00:00","inLanguage":"fr-FR","potentialAction":[{"@type":"ReadAction","target":["https:\/\/experis.be\/fr\/perspectives\/"]}]},{"@type":"WebSite","@id":"https:\/\/experis.be\/#website","url":"https:\/\/experis.be\/","name":"Experis Belgium","description":"Talent, Multiplied.","publisher":{"@id":"https:\/\/experis.be\/#organization"},"potentialAction":[{"@type":"SearchAction","target":{"@type":"EntryPoint","urlTemplate":"https:\/\/experis.be\/?s={search_term_string}"},"query-input":{"@type":"PropertyValueSpecification","valueRequired":true,"valueName":"search_term_string"}}],"inLanguage":"fr-FR"},{"@type":"Organization","@id":"https:\/\/experis.be\/#organization","name":"Experis Belgium","url":"https:\/\/experis.be\/","logo":{"@type":"ImageObject","inLanguage":"fr-FR","@id":"https:\/\/experis.be\/#\/schema\/logo\/image\/","url":"https:\/\/experis.be\/wp-content\/uploads\/2020\/11\/cropped-LOGO_EXP_BE_Logo_RS_HOR_MC_RGB_REG.jpg","contentUrl":"https:\/\/experis.be\/wp-content\/uploads\/2020\/11\/cropped-LOGO_EXP_BE_Logo_RS_HOR_MC_RGB_REG.jpg","width":240,"height":75,"caption":"Experis Belgium"},"image":{"@id":"https:\/\/experis.be\/#\/schema\/logo\/image\/"}}]}},"_links":{"self":[{"href":"https:\/\/experis.be\/fr\/wp-json\/wp\/v2\/pages\/7011702","targetHints":{"allow":["GET"]}}],"collection":[{"href":"https:\/\/experis.be\/fr\/wp-json\/wp\/v2\/pages"}],"about":[{"href":"https:\/\/experis.be\/fr\/wp-json\/wp\/v2\/types\/page"}],"author":[{"embeddable":true,"href":"https:\/\/experis.be\/fr\/wp-json\/wp\/v2\/users\/294"}],"replies":[{"embeddable":true,"href":"https:\/\/experis.be\/fr\/wp-json\/wp\/v2\/comments?post=7011702"}],"version-history":[{"count":30,"href":"https:\/\/experis.be\/fr\/wp-json\/wp\/v2\/pages\/7011702\/revisions"}],"predecessor-version":[{"id":7016769,"href":"https:\/\/experis.be\/fr\/wp-json\/wp\/v2\/pages\/7011702\/revisions\/7016769"}],"wp:attachment":[{"href":"https:\/\/experis.be\/fr\/wp-json\/wp\/v2\/media?parent=7011702"}],"curies":[{"name":"wp","href":"https:\/\/api.w.org\/{rel}","templated":true}]}}