
{"id":7011598,"date":"2020-10-22T10:10:40","date_gmt":"2020-10-22T10:10:40","guid":{"rendered":"https:\/\/experis.be\/?page_id=7011598"},"modified":"2025-04-16T23:16:24","modified_gmt":"2025-04-16T23:16:24","slug":"accueil","status":"publish","type":"page","link":"https:\/\/experis.be\/fr\/","title":{"rendered":"Accueil"},"content":{"rendered":"\t\t<div data-elementor-type=\"wp-page\" data-elementor-id=\"7011598\" class=\"elementor elementor-7011598\" data-elementor-post-type=\"page\">\n\t\t\t\t\t\t<section class=\"elementor-section elementor-top-section elementor-element elementor-element-467f8cdb elementor-section-stretched elementor-section-height-min-height elementor-section-boxed elementor-section-height-default elementor-section-items-middle\" data-id=\"467f8cdb\" data-element_type=\"section\" data-e-type=\"section\" id=\"karateka\" data-settings=\"{&quot;stretch_section&quot;:&quot;section-stretched&quot;,&quot;background_background&quot;:&quot;classic&quot;,&quot;animation&quot;:&quot;none&quot;,&quot;background_motion_fx_motion_fx_scrolling&quot;:&quot;yes&quot;,&quot;background_motion_fx_scale_effect&quot;:&quot;yes&quot;,&quot;background_motion_fx_scale_range&quot;:{&quot;unit&quot;:&quot;%&quot;,&quot;size&quot;:&quot;&quot;,&quot;sizes&quot;:{&quot;start&quot;:0,&quot;end&quot;:49}},&quot;background_motion_fx_scale_direction&quot;:&quot;out-in&quot;,&quot;background_motion_fx_scale_speed&quot;:{&quot;unit&quot;:&quot;px&quot;,&quot;size&quot;:4,&quot;sizes&quot;:[]},&quot;background_motion_fx_devices&quot;:[&quot;desktop&quot;,&quot;tablet&quot;,&quot;mobile&quot;]}\">\n\t\t\t\t\t\t<div class=\"elementor-container elementor-column-gap-default\">\n\t\t\t\t\t<div class=\"elementor-column elementor-col-50 elementor-top-column elementor-element elementor-element-3ead4d75 Home-section1-Text-gauche\" data-id=\"3ead4d75\" data-element_type=\"column\" data-e-type=\"column\" data-settings=\"{&quot;background_background&quot;:&quot;classic&quot;,&quot;animation&quot;:&quot;none&quot;}\">\n\t\t\t<div class=\"elementor-widget-wrap elementor-element-populated\">\n\t\t\t\t\t\t<div class=\"elementor-element elementor-element-63cb20ae elementor-widget elementor-widget-text-editor\" data-id=\"63cb20ae\" data-element_type=\"widget\" data-e-type=\"widget\" data-widget_type=\"text-editor.default\">\n\t\t\t\t<div class=\"elementor-widget-container\">\n\t\t\t\t\t\t\t\t\t<h2><span style=\"color: #ffffff;\">Le talent, multipli\u00e9.<\/span><\/h2><p><span style=\"color: #ffffff;\">Experis offre la combinaison gagnante en proposant des talents fortement recherch\u00e9s sur le march\u00e9, d\u00e9cupl\u00e9s par des solutions sp\u00e9cialis\u00e9es, moteurs de votre r\u00e9ussite. Proposant des ressources, des solutions sous forme de projets et jusqu\u2019\u00e0 la gestion compl\u00e8te de services dans le domaine de l\u2019IT, nous permettons aux organisations de perfectionner leurs op\u00e9rations, de d\u00e9velopper leurs talents et leurs \u00e9quipes afin d\u2019\u00eatre par\u00e9es pour l\u2019\u00e8re du num\u00e9rique.<\/span><\/p>\t\t\t\t\t\t\t\t<\/div>\n\t\t\t\t<\/div>\n\t\t\t\t<div class=\"elementor-element elementor-element-514e2d6e elementor-widget elementor-widget-button\" data-id=\"514e2d6e\" data-element_type=\"widget\" data-e-type=\"widget\" data-widget_type=\"button.default\">\n\t\t\t\t<div class=\"elementor-widget-container\">\n\t\t\t\t\t\t\t\t\t<div class=\"elementor-button-wrapper\">\n\t\t\t\t\t<a class=\"elementor-button elementor-button-link elementor-size-sm\" href=\"\/fr\/contact-us\/\">\n\t\t\t\t\t\t<span class=\"elementor-button-content-wrapper\">\n\t\t\t\t\t\t\t\t\t<span class=\"elementor-button-text\">Contactez-nous<\/span>\n\t\t\t\t\t<\/span>\n\t\t\t\t\t<\/a>\n\t\t\t\t<\/div>\n\t\t\t\t\t\t\t\t<\/div>\n\t\t\t\t<\/div>\n\t\t\t\t\t<\/div>\n\t\t<\/div>\n\t\t\t\t<div class=\"elementor-column elementor-col-50 elementor-top-column elementor-element elementor-element-53165348 Home-section1-Text-droite\" data-id=\"53165348\" data-element_type=\"column\" data-e-type=\"column\" data-settings=\"{&quot;background_background&quot;:&quot;classic&quot;,&quot;animation&quot;:&quot;none&quot;}\">\n\t\t\t<div class=\"elementor-widget-wrap\">\n\t\t\t\t\t\t\t<\/div>\n\t\t<\/div>\n\t\t\t\t\t<\/div>\n\t\t<\/section>\n\t\t\t\t<section class=\"elementor-section elementor-top-section elementor-element elementor-element-6bc6032c elementor-section-stretched elementor-section-height-min-height elementor-section-items-stretch rectangleTrans elementor-section-full_width elementor-section-height-default\" data-id=\"6bc6032c\" data-element_type=\"section\" data-e-type=\"section\" data-settings=\"{&quot;stretch_section&quot;:&quot;section-stretched&quot;,&quot;background_background&quot;:&quot;classic&quot;,&quot;animation&quot;:&quot;none&quot;}\">\n\t\t\t\t\t\t<div class=\"elementor-container elementor-column-gap-default\">\n\t\t\t\t\t<div class=\"elementor-column elementor-col-100 elementor-top-column elementor-element elementor-element-5b871865 rectangleBleu animated-slow elementor-invisible\" data-id=\"5b871865\" data-element_type=\"column\" data-e-type=\"column\" data-settings=\"{&quot;background_background&quot;:&quot;classic&quot;,&quot;animation&quot;:&quot;slideInLeft&quot;,&quot;animation_delay&quot;:600}\">\n\t\t\t<div class=\"elementor-widget-wrap elementor-element-populated\">\n\t\t\t\t\t\t<div class=\"elementor-element elementor-element-ce21cfb elementor-widget elementor-widget-heading\" data-id=\"ce21cfb\" data-element_type=\"widget\" data-e-type=\"widget\" data-widget_type=\"heading.default\">\n\t\t\t\t<div class=\"elementor-widget-container\">\n\t\t\t\t\t<h2 class=\"elementor-heading-title elementor-size-default\">Add Your Heading Text Here<\/h2>\t\t\t\t<\/div>\n\t\t\t\t<\/div>\n\t\t\t\t\t<\/div>\n\t\t<\/div>\n\t\t\t\t\t<\/div>\n\t\t<\/section>\n\t\t\t\t<section class=\"elementor-section elementor-top-section elementor-element elementor-element-46757dc7 elementor-section-stretched elementor-section-height-min-height elementor-section-boxed elementor-section-height-default elementor-section-items-middle\" data-id=\"46757dc7\" data-element_type=\"section\" data-e-type=\"section\" id=\"Home-section3-vert\" data-settings=\"{&quot;stretch_section&quot;:&quot;section-stretched&quot;,&quot;background_background&quot;:&quot;classic&quot;}\">\n\t\t\t\t\t\t<div class=\"elementor-container elementor-column-gap-default\">\n\t\t\t\t\t<div class=\"elementor-column elementor-col-100 elementor-top-column elementor-element elementor-element-6b46e769 elementor-invisible\" data-id=\"6b46e769\" data-element_type=\"column\" data-e-type=\"column\" data-settings=\"{&quot;animation&quot;:&quot;fadeInUp&quot;,&quot;animation_delay&quot;:0.5}\">\n\t\t\t<div class=\"elementor-widget-wrap elementor-element-populated\">\n\t\t\t\t\t\t<div class=\"elementor-element elementor-element-6fa595b0 elementor-widget elementor-widget-text-editor\" data-id=\"6fa595b0\" data-element_type=\"widget\" data-e-type=\"widget\" data-widget_type=\"text-editor.default\">\n\t\t\t\t<div class=\"elementor-widget-container\">\n\t\t\t\t\t\t\t\t\t<h1 style=\"text-align: center; font-size: 40px;\"><span style=\"color: #ffffff;\">Des emplois pour acc\u00e9l\u00e9rer votre futur.<\/span><\/h1>\n<h3 style=\"color: #ffffff; text-align: center;\">Trouvez votre emploi de r\u00eave ici.<\/h3>\n<p style=\"text-align: center;\"><span style=\"color: #ffffff;\"> <div class=\"matador-search-form-container \"> <form role=\"search\" method=\"get\" class=\"matador-search-form\" action=\"https:\/\/experis.be\/search-jobs\/\"> <div class=\"matador-search-form-field-group matador-search-form-field-keyword\"> <label for=\"matador_s\"> <span class=\"matador-screen-reader-text\"> Key Word or Key Words <\/span> <\/label> <input type=\"text\" id=\"matador_s\" name=\"matador_s\" value=\"\" placeholder=\"Search Jobs\"\/> <\/div> <div class=\"matador-terms matador-terms-select matador-taxonomy-provinces-terms-select matador-search-form-field-group matador-search-form-field-provinces\"> <label for=\"matador-provinces\"> <span class=\"matador-screen-reader-text\"> Limit jobs to this Province <\/span> <\/label> <select id=\"matador-provinces\" name=\"matador-provinces\" data-method=\"value\" > <option value=\"\" selected='selected'> Types<\/option> <option value=\"antwerp\" > Antwerp<\/option> <option value=\"brussels\" > Brussels<\/option> <option value=\"east-flanders\" > East Flanders<\/option> <option value=\"flemish-brabant\" > Flemish Brabant<\/option> <option value=\"hainaut\" > Hainaut<\/option> <option value=\"liege\" > Li\u00e8ge<\/option> <option value=\"limburg\" > Limburg<\/option> <option value=\"west-flanders\" > West Flanders<\/option> <\/select> <\/div> <div class=\"matador-search-form-field-group matador-search-form-field-submit\"> <button type=\"submit\" id=\"matador-search-submit\" class=\"matador-search-submit matador-button\"> Search <\/button> <\/div> <\/form> <\/div> <\/span><\/p>\t\t\t\t\t\t\t\t<\/div>\n\t\t\t\t<\/div>\n\t\t\t\t\t<\/div>\n\t\t<\/div>\n\t\t\t\t\t<\/div>\n\t\t<\/section>\n\t\t\t\t<\/div>\n\t\t","protected":false},"excerpt":{"rendered":"<p>Le talent, multipli\u00e9. Experis offre la combinaison gagnante en proposant des talents fortement recherch\u00e9s sur le march\u00e9, d\u00e9cupl\u00e9s par des solutions sp\u00e9cialis\u00e9es, moteurs de votre r\u00e9ussite. Proposant des ressources, des solutions sous forme de projets et jusqu\u2019\u00e0 la gestion compl\u00e8te de services dans le domaine de l\u2019IT, nous permettons aux organisations de perfectionner leurs op\u00e9rations, &hellip; <a href=\"https:\/\/experis.be\/fr\/\" class=\"more-link\">Continuer la lecture<span class=\"screen-reader-text\"> de &laquo;&nbsp;Accueil&nbsp;&raquo;<\/span><\/a><\/p>\n","protected":false},"author":294,"featured_media":7017529,"parent":0,"menu_order":0,"comment_status":"closed","ping_status":"closed","template":"elementor_header_footer","meta":{"_vp_format_video_url":"","_vp_image_focal_point":[],"footnotes":""},"class_list":["post-7011598","page","type-page","status-publish","has-post-thumbnail","hentry"],"yoast_head":"<!-- This site is optimized with the Yoast SEO plugin v27.3 - https:\/\/yoast.com\/product\/yoast-seo-wordpress\/ -->\n<title>Accueil - Experis Belgium<\/title>\n<meta name=\"description\" content=\"Experis offre la combinaison convaincante de talents fortement recherch\u00e9s, d\u00e9cupl\u00e9s par des solutions sp\u00e9cialis\u00e9es, moteurs de r\u00e9ussite. Proposant des ressources, des solutions sous forme de projets et de la gestion compl\u00e8te de services dans le domaine de l\u2019IT, nous permettons aux organisations de perfectionner leurs talents et leurs \u00e9quipes afin d\u2019\u00eatre par\u00e9es pour l\u2019\u00e8re du num\u00e9rique.\" \/>\n<meta name=\"robots\" content=\"index, follow, max-snippet:-1, max-image-preview:large, max-video-preview:-1\" \/>\n<link rel=\"canonical\" href=\"https:\/\/experis.be\/fr\/accueil\/\" \/>\n<meta property=\"og:locale\" content=\"fr_FR\" \/>\n<meta property=\"og:type\" content=\"article\" \/>\n<meta property=\"og:title\" content=\"Experis Belgium\" \/>\n<meta property=\"og:description\" content=\"Experis offre la combinaison convaincante de talents fortement recherch\u00e9s, d\u00e9cupl\u00e9s par des solutions sp\u00e9cialis\u00e9es, moteurs de r\u00e9ussite. Proposant des ressources, des solutions sous forme de projets et de la gestion compl\u00e8te de services dans le domaine de l\u2019IT, nous permettons aux organisations de perfectionner leurs talents et leurs \u00e9quipes afin d\u2019\u00eatre par\u00e9es pour l\u2019\u00e8re du num\u00e9rique.\" \/>\n<meta property=\"og:url\" content=\"https:\/\/experis.be\/fr\/accueil\/\" \/>\n<meta property=\"og:site_name\" content=\"Experis Belgium\" \/>\n<meta property=\"article:modified_time\" content=\"2025-04-16T23:16:24+00:00\" \/>\n<meta property=\"og:image\" content=\"https:\/\/experis.be\/wp-content\/uploads\/2020\/07\/karateka.png\" \/>\n\t<meta property=\"og:image:width\" content=\"1920\" \/>\n\t<meta property=\"og:image:height\" content=\"1920\" \/>\n\t<meta property=\"og:image:type\" content=\"image\/png\" \/>\n<meta name=\"twitter:card\" content=\"summary_large_image\" \/>\n<meta name=\"twitter:title\" content=\"Experis Belgium\" \/>\n<meta name=\"twitter:description\" content=\"Experis offre la combinaison convaincante de talents fortement recherch\u00e9s, d\u00e9cupl\u00e9s par des solutions sp\u00e9cialis\u00e9es, moteurs de r\u00e9ussite. Proposant des ressources, des solutions sous forme de projets et de la gestion compl\u00e8te de services dans le domaine de l\u2019IT, nous permettons aux organisations de perfectionner leurs talents et leurs \u00e9quipes afin d\u2019\u00eatre par\u00e9es pour l\u2019\u00e8re du num\u00e9rique.\" \/>\n<meta name=\"twitter:image\" content=\"https:\/\/experis.be\/wp-content\/uploads\/2020\/07\/karateka.png\" \/>\n<meta name=\"twitter:label1\" content=\"Dur\u00e9e de lecture estim\u00e9e\" \/>\n\t<meta name=\"twitter:data1\" content=\"4 minutes\" \/>\n<script type=\"application\/ld+json\" class=\"yoast-schema-graph\">{\"@context\":\"https:\\\/\\\/schema.org\",\"@graph\":[{\"@type\":\"WebPage\",\"@id\":\"https:\\\/\\\/experis.be\\\/fr\\\/accueil\\\/\",\"url\":\"https:\\\/\\\/experis.be\\\/fr\\\/accueil\\\/\",\"name\":\"Accueil - Experis Belgium\",\"isPartOf\":{\"@id\":\"https:\\\/\\\/experis.be\\\/#website\"},\"primaryImageOfPage\":{\"@id\":\"https:\\\/\\\/experis.be\\\/fr\\\/accueil\\\/#primaryimage\"},\"image\":{\"@id\":\"https:\\\/\\\/experis.be\\\/fr\\\/accueil\\\/#primaryimage\"},\"thumbnailUrl\":\"https:\\\/\\\/experis.be\\\/wp-content\\\/uploads\\\/2020\\\/07\\\/karateka.png\",\"datePublished\":\"2020-10-22T10:10:40+00:00\",\"dateModified\":\"2025-04-16T23:16:24+00:00\",\"description\":\"Experis offre la combinaison convaincante de talents fortement recherch\u00e9s, d\u00e9cupl\u00e9s par des solutions sp\u00e9cialis\u00e9es, moteurs de r\u00e9ussite. Proposant des ressources, des solutions sous forme de projets et de la gestion compl\u00e8te de services dans le domaine de l\u2019IT, nous permettons aux organisations de perfectionner leurs talents et leurs \u00e9quipes afin d\u2019\u00eatre par\u00e9es pour l\u2019\u00e8re du num\u00e9rique.\",\"inLanguage\":\"fr-FR\",\"potentialAction\":[{\"@type\":\"ReadAction\",\"target\":[\"https:\\\/\\\/experis.be\\\/fr\\\/accueil\\\/\"]}]},{\"@type\":\"ImageObject\",\"inLanguage\":\"fr-FR\",\"@id\":\"https:\\\/\\\/experis.be\\\/fr\\\/accueil\\\/#primaryimage\",\"url\":\"https:\\\/\\\/experis.be\\\/wp-content\\\/uploads\\\/2020\\\/07\\\/karateka.png\",\"contentUrl\":\"https:\\\/\\\/experis.be\\\/wp-content\\\/uploads\\\/2020\\\/07\\\/karateka.png\",\"width\":1920,\"height\":1920},{\"@type\":\"WebSite\",\"@id\":\"https:\\\/\\\/experis.be\\\/#website\",\"url\":\"https:\\\/\\\/experis.be\\\/\",\"name\":\"Experis Belgium\",\"description\":\"Talent, Multiplied.\",\"publisher\":{\"@id\":\"https:\\\/\\\/experis.be\\\/#organization\"},\"potentialAction\":[{\"@type\":\"SearchAction\",\"target\":{\"@type\":\"EntryPoint\",\"urlTemplate\":\"https:\\\/\\\/experis.be\\\/?s={search_term_string}\"},\"query-input\":{\"@type\":\"PropertyValueSpecification\",\"valueRequired\":true,\"valueName\":\"search_term_string\"}}],\"inLanguage\":\"fr-FR\"},{\"@type\":\"Organization\",\"@id\":\"https:\\\/\\\/experis.be\\\/#organization\",\"name\":\"Experis Belgium\",\"url\":\"https:\\\/\\\/experis.be\\\/\",\"logo\":{\"@type\":\"ImageObject\",\"inLanguage\":\"fr-FR\",\"@id\":\"https:\\\/\\\/experis.be\\\/#\\\/schema\\\/logo\\\/image\\\/\",\"url\":\"https:\\\/\\\/experis.be\\\/wp-content\\\/uploads\\\/2020\\\/11\\\/cropped-LOGO_EXP_BE_Logo_RS_HOR_MC_RGB_REG.jpg\",\"contentUrl\":\"https:\\\/\\\/experis.be\\\/wp-content\\\/uploads\\\/2020\\\/11\\\/cropped-LOGO_EXP_BE_Logo_RS_HOR_MC_RGB_REG.jpg\",\"width\":240,\"height\":75,\"caption\":\"Experis Belgium\"},\"image\":{\"@id\":\"https:\\\/\\\/experis.be\\\/#\\\/schema\\\/logo\\\/image\\\/\"}}]}<\/script>\n<!-- \/ Yoast SEO plugin. -->","yoast_head_json":{"title":"Accueil - Experis Belgium","description":"Experis offre la combinaison convaincante de talents fortement recherch\u00e9s, d\u00e9cupl\u00e9s par des solutions sp\u00e9cialis\u00e9es, moteurs de r\u00e9ussite. Proposant des ressources, des solutions sous forme de projets et de la gestion compl\u00e8te de services dans le domaine de l\u2019IT, nous permettons aux organisations de perfectionner leurs talents et leurs \u00e9quipes afin d\u2019\u00eatre par\u00e9es pour l\u2019\u00e8re du num\u00e9rique.","robots":{"index":"index","follow":"follow","max-snippet":"max-snippet:-1","max-image-preview":"max-image-preview:large","max-video-preview":"max-video-preview:-1"},"canonical":"https:\/\/experis.be\/fr\/accueil\/","og_locale":"fr_FR","og_type":"article","og_title":"Experis Belgium","og_description":"Experis offre la combinaison convaincante de talents fortement recherch\u00e9s, d\u00e9cupl\u00e9s par des solutions sp\u00e9cialis\u00e9es, moteurs de r\u00e9ussite. Proposant des ressources, des solutions sous forme de projets et de la gestion compl\u00e8te de services dans le domaine de l\u2019IT, nous permettons aux organisations de perfectionner leurs talents et leurs \u00e9quipes afin d\u2019\u00eatre par\u00e9es pour l\u2019\u00e8re du num\u00e9rique.","og_url":"https:\/\/experis.be\/fr\/accueil\/","og_site_name":"Experis Belgium","article_modified_time":"2025-04-16T23:16:24+00:00","og_image":[{"width":1920,"height":1920,"url":"https:\/\/experis.be\/wp-content\/uploads\/2020\/07\/karateka.png","type":"image\/png"}],"twitter_card":"summary_large_image","twitter_title":"Experis Belgium","twitter_description":"Experis offre la combinaison convaincante de talents fortement recherch\u00e9s, d\u00e9cupl\u00e9s par des solutions sp\u00e9cialis\u00e9es, moteurs de r\u00e9ussite. Proposant des ressources, des solutions sous forme de projets et de la gestion compl\u00e8te de services dans le domaine de l\u2019IT, nous permettons aux organisations de perfectionner leurs talents et leurs \u00e9quipes afin d\u2019\u00eatre par\u00e9es pour l\u2019\u00e8re du num\u00e9rique.","twitter_image":"https:\/\/experis.be\/wp-content\/uploads\/2020\/07\/karateka.png","twitter_misc":{"Dur\u00e9e de lecture estim\u00e9e":"4 minutes"},"schema":{"@context":"https:\/\/schema.org","@graph":[{"@type":"WebPage","@id":"https:\/\/experis.be\/fr\/accueil\/","url":"https:\/\/experis.be\/fr\/accueil\/","name":"Accueil - Experis Belgium","isPartOf":{"@id":"https:\/\/experis.be\/#website"},"primaryImageOfPage":{"@id":"https:\/\/experis.be\/fr\/accueil\/#primaryimage"},"image":{"@id":"https:\/\/experis.be\/fr\/accueil\/#primaryimage"},"thumbnailUrl":"https:\/\/experis.be\/wp-content\/uploads\/2020\/07\/karateka.png","datePublished":"2020-10-22T10:10:40+00:00","dateModified":"2025-04-16T23:16:24+00:00","description":"Experis offre la combinaison convaincante de talents fortement recherch\u00e9s, d\u00e9cupl\u00e9s par des solutions sp\u00e9cialis\u00e9es, moteurs de r\u00e9ussite. Proposant des ressources, des solutions sous forme de projets et de la gestion compl\u00e8te de services dans le domaine de l\u2019IT, nous permettons aux organisations de perfectionner leurs talents et leurs \u00e9quipes afin d\u2019\u00eatre par\u00e9es pour l\u2019\u00e8re du num\u00e9rique.","inLanguage":"fr-FR","potentialAction":[{"@type":"ReadAction","target":["https:\/\/experis.be\/fr\/accueil\/"]}]},{"@type":"ImageObject","inLanguage":"fr-FR","@id":"https:\/\/experis.be\/fr\/accueil\/#primaryimage","url":"https:\/\/experis.be\/wp-content\/uploads\/2020\/07\/karateka.png","contentUrl":"https:\/\/experis.be\/wp-content\/uploads\/2020\/07\/karateka.png","width":1920,"height":1920},{"@type":"WebSite","@id":"https:\/\/experis.be\/#website","url":"https:\/\/experis.be\/","name":"Experis Belgium","description":"Talent, Multiplied.","publisher":{"@id":"https:\/\/experis.be\/#organization"},"potentialAction":[{"@type":"SearchAction","target":{"@type":"EntryPoint","urlTemplate":"https:\/\/experis.be\/?s={search_term_string}"},"query-input":{"@type":"PropertyValueSpecification","valueRequired":true,"valueName":"search_term_string"}}],"inLanguage":"fr-FR"},{"@type":"Organization","@id":"https:\/\/experis.be\/#organization","name":"Experis Belgium","url":"https:\/\/experis.be\/","logo":{"@type":"ImageObject","inLanguage":"fr-FR","@id":"https:\/\/experis.be\/#\/schema\/logo\/image\/","url":"https:\/\/experis.be\/wp-content\/uploads\/2020\/11\/cropped-LOGO_EXP_BE_Logo_RS_HOR_MC_RGB_REG.jpg","contentUrl":"https:\/\/experis.be\/wp-content\/uploads\/2020\/11\/cropped-LOGO_EXP_BE_Logo_RS_HOR_MC_RGB_REG.jpg","width":240,"height":75,"caption":"Experis Belgium"},"image":{"@id":"https:\/\/experis.be\/#\/schema\/logo\/image\/"}}]}},"_links":{"self":[{"href":"https:\/\/experis.be\/fr\/wp-json\/wp\/v2\/pages\/7011598","targetHints":{"allow":["GET"]}}],"collection":[{"href":"https:\/\/experis.be\/fr\/wp-json\/wp\/v2\/pages"}],"about":[{"href":"https:\/\/experis.be\/fr\/wp-json\/wp\/v2\/types\/page"}],"author":[{"embeddable":true,"href":"https:\/\/experis.be\/fr\/wp-json\/wp\/v2\/users\/294"}],"replies":[{"embeddable":true,"href":"https:\/\/experis.be\/fr\/wp-json\/wp\/v2\/comments?post=7011598"}],"version-history":[{"count":17,"href":"https:\/\/experis.be\/fr\/wp-json\/wp\/v2\/pages\/7011598\/revisions"}],"predecessor-version":[{"id":7045603,"href":"https:\/\/experis.be\/fr\/wp-json\/wp\/v2\/pages\/7011598\/revisions\/7045603"}],"wp:featuredmedia":[{"embeddable":true,"href":"https:\/\/experis.be\/fr\/wp-json\/wp\/v2\/media\/7017529"}],"wp:attachment":[{"href":"https:\/\/experis.be\/fr\/wp-json\/wp\/v2\/media?parent=7011598"}],"curies":[{"name":"wp","href":"https:\/\/api.w.org\/{rel}","templated":true}]}}